{"id":4859,"date":"2025-10-27T21:48:05","date_gmt":"2025-10-27T21:48:05","guid":{"rendered":"https:\/\/railen.net\/?post_type=product&#038;p=4859"},"modified":"2025-10-28T15:06:57","modified_gmt":"2025-10-28T15:06:57","slug":"munequera-estabilizadora-actimove","status":"publish","type":"product","link":"https:\/\/railen.net\/index.php\/producto\/munequera-estabilizadora-actimove\/","title":{"rendered":"Mu\u00f1equera estabilizadora Actimove"},"content":{"rendered":"<p>Mu\u00f1equera estabilizadora con f\u00e9rula m\u00e9talica extra\u00edble ambidiestra de la talla S -M &#8211; L\/XL<img fetchpriority=\"high\" decoding=\"async\" class=\"alignnone size-medium wp-image-4860\" src=\"https:\/\/railen.net\/wp-content\/uploads\/2025\/10\/actimove-munequera-300x300.jpg\" alt=\"\" width=\"300\" height=\"300\" srcset=\"https:\/\/railen.net\/wp-content\/uploads\/2025\/10\/actimove-munequera-300x300.jpg 300w, https:\/\/railen.net\/wp-content\/uploads\/2025\/10\/actimove-munequera-150x150.jpg 150w, https:\/\/railen.net\/wp-content\/uploads\/2025\/10\/actimove-munequera-100x100.jpg 100w, https:\/\/railen.net\/wp-content\/uploads\/2025\/10\/actimove-munequera.jpg 550w\" sizes=\"(max-width: 300px) 100vw, 300px\" \/><\/p>\n","protected":false},"excerpt":{"rendered":"<p>Mu\u00f1equera estabilizadora con f\u00e9rula m\u00e9talica extra\u00edble ambidiestra de la talla S -M &#8211; L\/XL<\/p>\n","protected":false},"featured_media":0,"comment_status":"open","ping_status":"closed","template":"","meta":[],"product_cat":[15,54],"product_tag":[],"_links":{"self":[{"href":"https:\/\/railen.net\/index.php\/wp-json\/wp\/v2\/product\/4859"}],"collection":[{"href":"https:\/\/railen.net\/index.php\/wp-json\/wp\/v2\/product"}],"about":[{"href":"https:\/\/railen.net\/index.php\/wp-json\/wp\/v2\/types\/product"}],"replies":[{"embeddable":true,"href":"https:\/\/railen.net\/index.php\/wp-json\/wp\/v2\/comments?post=4859"}],"wp:attachment":[{"href":"https:\/\/railen.net\/index.php\/wp-json\/wp\/v2\/media?parent=4859"}],"wp:term":[{"taxonomy":"product_cat","embeddable":true,"href":"https:\/\/railen.net\/index.php\/wp-json\/wp\/v2\/product_cat?post=4859"},{"taxonomy":"product_tag","embeddable":true,"href":"https:\/\/railen.net\/index.php\/wp-json\/wp\/v2\/product_tag?post=4859"}],"curies":[{"name":"wp","href":"https:\/\/api.w.org\/{rel}","templated":true}]}}