{"id":4854,"date":"2025-04-23T23:14:42","date_gmt":"2025-04-23T23:14:42","guid":{"rendered":"https:\/\/railen.net\/?post_type=product&#038;p=4854"},"modified":"2025-04-23T23:16:09","modified_gmt":"2025-04-23T23:16:09","slug":"oferta-del-mes","status":"publish","type":"product","link":"https:\/\/railen.net\/index.php\/producto\/oferta-del-mes\/","title":{"rendered":"OFERTA DEL MES!"},"content":{"rendered":"<div class=\"xdj266r x11i5rnm xat24cr x1mh8g0r x1vvkbs x126k92a\">\n<div dir=\"auto\"><strong>OFERTA!!!<\/strong><\/div>\n<div dir=\"auto\">Ap\u00f3sito antimicrobiano de plata<\/div>\n<div dir=\"auto\">PHARMAPAD Silver 10&#215;10 cm<\/div>\n<div dir=\"auto\">LLEVA : 1 por $4.500<\/div>\n<div dir=\"auto\">si llevas 2 te quedan en $4.000 c\/u<\/div>\n<div dir=\"auto\">y si llevas sobre 3 a $3.000 c\/u!<\/div>\n<\/div>\n<div dir=\"auto\"><\/div>\n<div class=\"x11i5rnm xat24cr x1mh8g0r x1vvkbs xtlvy1s x126k92a\">\n<div dir=\"auto\"><em>HASTA AGOTAR STOCK!! APURATE<\/em><\/div>\n<div dir=\"auto\"><\/div>\n<\/div>\n<div class=\"x11i5rnm xat24cr x1mh8g0r x1vvkbs xtlvy1s x126k92a\">\n<div dir=\"auto\"><\/div>\n<\/div>\n<div dir=\"auto\"><strong>USO:<\/strong><\/div>\n<div dir=\"auto\"><\/div>\n<div class=\"x11i5rnm xat24cr x1mh8g0r x1vvkbs xtlvy1s x126k92a\">\n<div dir=\"auto\">Es un ap\u00f3sito antimicrobiano de contacto que utiliza la tecnolog\u00eda de plata para inactivar una amplia gama de bacterias, hongos y virus. La plata es un metal noble con propiedades antimicrobianas conocidas desde hace siglos. Los iones de plata liberados por el ap\u00f3sito PHARMAPAD AG atacan la membrana celular de los microorganismos, provocando su muerte. Est\u00e1 indicado para el tratamiento de heridas infectadas o con riesgo de infecci\u00f3n, como \u00falceras por presi\u00f3n, \u00falceras diab\u00e9ticas, heridas quir\u00fargicas y quemaduras. Tambi\u00e9n se puede utilizar para la prevenci\u00f3n de infecciones en heridas agudas y cr\u00f3nicas, y para la protecci\u00f3n de heridas contra la contaminaci\u00f3n bacteriana.<\/div>\n<\/div>\n<div class=\"x11i5rnm xat24cr x1mh8g0r x1vvkbs xtlvy1s x126k92a\">\n<div dir=\"auto\">El ap\u00f3sito PHARMAPAD AG est\u00e1 compuesto por una capa de espuma de poliuretano con una capa de carb\u00f3n activado y una capa de plata. La capa de espuma de poliuretano absorbe el exudado de la herida, manteniendo un ambiente h\u00famedo y favoreciendo la cicatrizaci\u00f3n. La capa de carb\u00f3n activado ayuda a controlar los olores molestos. La capa de plata proporciona la actividad antimicrobiana del ap\u00f3sito.<\/div>\n<\/div>\n","protected":false},"excerpt":{"rendered":"<p>OFERTA!!! Ap\u00f3sito antimicrobiano de plata PHARMAPAD Silver 10&#215;10 cm LLEVA : 1 por $4.500 si llevas 2 te quedan en $4.000 c\/u y si llevas sobre 3 a $3.000 c\/u! HASTA AGOTAR STOCK!! APURATE USO: Es un ap\u00f3sito antimicrobiano de contacto que utiliza la tecnolog\u00eda de plata para inactivar una amplia gama de bacterias, hongos [&hellip;]<\/p>\n","protected":false},"featured_media":4855,"comment_status":"open","ping_status":"closed","template":"","meta":[],"product_cat":[85,81],"product_tag":[],"_links":{"self":[{"href":"https:\/\/railen.net\/index.php\/wp-json\/wp\/v2\/product\/4854"}],"collection":[{"href":"https:\/\/railen.net\/index.php\/wp-json\/wp\/v2\/product"}],"about":[{"href":"https:\/\/railen.net\/index.php\/wp-json\/wp\/v2\/types\/product"}],"replies":[{"embeddable":true,"href":"https:\/\/railen.net\/index.php\/wp-json\/wp\/v2\/comments?post=4854"}],"wp:featuredmedia":[{"embeddable":true,"href":"https:\/\/railen.net\/index.php\/wp-json\/wp\/v2\/media\/4855"}],"wp:attachment":[{"href":"https:\/\/railen.net\/index.php\/wp-json\/wp\/v2\/media?parent=4854"}],"wp:term":[{"taxonomy":"product_cat","embeddable":true,"href":"https:\/\/railen.net\/index.php\/wp-json\/wp\/v2\/product_cat?post=4854"},{"taxonomy":"product_tag","embeddable":true,"href":"https:\/\/railen.net\/index.php\/wp-json\/wp\/v2\/product_tag?post=4854"}],"curies":[{"name":"wp","href":"https:\/\/api.w.org\/{rel}","templated":true}]}}