{"id":4815,"date":"2024-07-25T21:33:58","date_gmt":"2024-07-25T21:33:58","guid":{"rendered":"https:\/\/railen.net\/?post_type=product&#038;p=4815"},"modified":"2024-07-25T21:33:58","modified_gmt":"2024-07-25T21:33:58","slug":"set-cortaunas-tijera-y-lima","status":"publish","type":"product","link":"https:\/\/railen.net\/index.php\/producto\/set-cortaunas-tijera-y-lima\/","title":{"rendered":"Set Corta\u00fa\u00f1as, Tijera y Lima"},"content":{"rendered":"<p>Un completo set de corta\u00fa\u00f1as, 4 lima y tijeras. Especialmente creado para las peque\u00f1as manitos del beb\u00e9, tijeras con punta redonda especial para evitar accidentes.<\/p>\n<p>Incluye tapa protectoras de hojas ayuda evitar de posibles contaminaciones del exterior.<\/p>\n<p>Perfecto para los peque\u00f1os dedos de beb\u00e9s y ni\u00f1os.<\/p>\n<p>0 % Bisfenol A.<\/p>\n","protected":false},"excerpt":{"rendered":"<p>Un completo set de corta\u00fa\u00f1as, 4 lima y tijeras. Especialmente creado para las peque\u00f1as manitos del beb\u00e9, tijeras con punta redonda especial para evitar accidentes. Incluye tapa protectoras de hojas ayuda evitar de posibles contaminaciones del exterior. Perfecto para los peque\u00f1os dedos de beb\u00e9s y ni\u00f1os. 0 % Bisfenol A.<\/p>\n","protected":false},"featured_media":4816,"comment_status":"open","ping_status":"closed","template":"","meta":[],"product_cat":[47],"product_tag":[],"_links":{"self":[{"href":"https:\/\/railen.net\/index.php\/wp-json\/wp\/v2\/product\/4815"}],"collection":[{"href":"https:\/\/railen.net\/index.php\/wp-json\/wp\/v2\/product"}],"about":[{"href":"https:\/\/railen.net\/index.php\/wp-json\/wp\/v2\/types\/product"}],"replies":[{"embeddable":true,"href":"https:\/\/railen.net\/index.php\/wp-json\/wp\/v2\/comments?post=4815"}],"wp:featuredmedia":[{"embeddable":true,"href":"https:\/\/railen.net\/index.php\/wp-json\/wp\/v2\/media\/4816"}],"wp:attachment":[{"href":"https:\/\/railen.net\/index.php\/wp-json\/wp\/v2\/media?parent=4815"}],"wp:term":[{"taxonomy":"product_cat","embeddable":true,"href":"https:\/\/railen.net\/index.php\/wp-json\/wp\/v2\/product_cat?post=4815"},{"taxonomy":"product_tag","embeddable":true,"href":"https:\/\/railen.net\/index.php\/wp-json\/wp\/v2\/product_tag?post=4815"}],"curies":[{"name":"wp","href":"https:\/\/api.w.org\/{rel}","templated":true}]}}