{"id":4811,"date":"2024-07-25T21:30:08","date_gmt":"2024-07-25T21:30:08","guid":{"rendered":"https:\/\/railen.net\/?post_type=product&#038;p=4811"},"modified":"2025-10-28T17:27:04","modified_gmt":"2025-10-28T17:27:04","slug":"dermo-cream-piel-atopica","status":"publish","type":"product","link":"https:\/\/railen.net\/index.php\/producto\/dermo-cream-piel-atopica\/","title":{"rendered":"Dermo Cream Piel At\u00f3pica"},"content":{"rendered":"<p>F\u00f3rmula dermoactiva de f\u00e1cil aplicaci\u00f3n, r\u00e1pida absorci\u00f3n, no grasa, con alta capacidad para absorber la humedad y aliviar la piel seca e irritada. Con ceramidas vegetales de estructura semejante a los componentes de la barrera lip\u00eddica de la piel que ayudan a recuperar su funci\u00f3n protectora, evitando la p\u00e9rdida de agua. Humectante y nutritiva. Contiene tres variedades de avenas 100% org\u00e1nicas: avena coloidal, extracto de avena y aceite de avena, todas certificadas ECOCERT, ricas en nutrientes esenciales como prote\u00ednas, l\u00edpidos y vitaminas que ayudan a recuperar la humectaci\u00f3n y suavidad. Poderoso efecto calmante para pieles da\u00f1adas. Acci\u00f3n reparadora.<\/p>\n<p>Modo de uso:\u00a0Aplique generosamente sobre la piel con suaves masajes. F\u00e1cil y r\u00e1pida absorci\u00f3n.<\/p>\n","protected":false},"excerpt":{"rendered":"<p>F\u00f3rmula dermoactiva de f\u00e1cil aplicaci\u00f3n, r\u00e1pida absorci\u00f3n, no grasa, con alta capacidad para absorber la humedad y aliviar la piel seca e irritada. Con ceramidas vegetales de estructura semejante a los componentes de la barrera lip\u00eddica de la piel que ayudan a recuperar su funci\u00f3n protectora, evitando la p\u00e9rdida de agua. Humectante y nutritiva. Contiene [&hellip;]<\/p>\n","protected":false},"featured_media":4814,"comment_status":"open","ping_status":"closed","template":"","meta":[],"product_cat":[47],"product_tag":[],"_links":{"self":[{"href":"https:\/\/railen.net\/index.php\/wp-json\/wp\/v2\/product\/4811"}],"collection":[{"href":"https:\/\/railen.net\/index.php\/wp-json\/wp\/v2\/product"}],"about":[{"href":"https:\/\/railen.net\/index.php\/wp-json\/wp\/v2\/types\/product"}],"replies":[{"embeddable":true,"href":"https:\/\/railen.net\/index.php\/wp-json\/wp\/v2\/comments?post=4811"}],"wp:featuredmedia":[{"embeddable":true,"href":"https:\/\/railen.net\/index.php\/wp-json\/wp\/v2\/media\/4814"}],"wp:attachment":[{"href":"https:\/\/railen.net\/index.php\/wp-json\/wp\/v2\/media?parent=4811"}],"wp:term":[{"taxonomy":"product_cat","embeddable":true,"href":"https:\/\/railen.net\/index.php\/wp-json\/wp\/v2\/product_cat?post=4811"},{"taxonomy":"product_tag","embeddable":true,"href":"https:\/\/railen.net\/index.php\/wp-json\/wp\/v2\/product_tag?post=4811"}],"curies":[{"name":"wp","href":"https:\/\/api.w.org\/{rel}","templated":true}]}}