{"id":4807,"date":"2024-07-25T21:26:13","date_gmt":"2024-07-25T21:26:13","guid":{"rendered":"https:\/\/railen.net\/?post_type=product&#038;p=4807"},"modified":"2024-07-25T21:26:13","modified_gmt":"2024-07-25T21:26:13","slug":"dermo-cream-hidratacion-urea-10","status":"publish","type":"product","link":"https:\/\/railen.net\/index.php\/producto\/dermo-cream-hidratacion-urea-10\/","title":{"rendered":"Dermo Cream Hidrataci\u00f3n Urea 10%"},"content":{"rendered":"<p>F\u00f3rmula dermoactiva de f\u00e1cil aplicaci\u00f3n, r\u00e1pida absorci\u00f3n, no grasa, ayuda a mantener el balance de humedad y reparar la piel extra seca. Con urea al 10%, ayuda a restablecer la p\u00e9rdida de humedad y reducir los signos de aspereza, resequedad y descamaci\u00f3n, reteniendo y captando agua en las diferentes capas de la piel. Refuerza la funci\u00f3n barrera de la piel. Ayuda a mejorar su barrera lip\u00eddica, favoreciendo la recuperaci\u00f3n de la flexibilidad y elasticidad de la piel.<\/p>\n<p>Modo de uso:\u00a0Aplique generosamente sobre la piel con suaves masajes. F\u00e1cil y r\u00e1pida absorci\u00f3n.<\/p>\n","protected":false},"excerpt":{"rendered":"<p>F\u00f3rmula dermoactiva de f\u00e1cil aplicaci\u00f3n, r\u00e1pida absorci\u00f3n, no grasa, ayuda a mantener el balance de humedad y reparar la piel extra seca. Con urea al 10%, ayuda a restablecer la p\u00e9rdida de humedad y reducir los signos de aspereza, resequedad y descamaci\u00f3n, reteniendo y captando agua en las diferentes capas de la piel. Refuerza la [&hellip;]<\/p>\n","protected":false},"featured_media":4810,"comment_status":"open","ping_status":"closed","template":"","meta":[],"product_cat":[47],"product_tag":[],"_links":{"self":[{"href":"https:\/\/railen.net\/index.php\/wp-json\/wp\/v2\/product\/4807"}],"collection":[{"href":"https:\/\/railen.net\/index.php\/wp-json\/wp\/v2\/product"}],"about":[{"href":"https:\/\/railen.net\/index.php\/wp-json\/wp\/v2\/types\/product"}],"replies":[{"embeddable":true,"href":"https:\/\/railen.net\/index.php\/wp-json\/wp\/v2\/comments?post=4807"}],"wp:featuredmedia":[{"embeddable":true,"href":"https:\/\/railen.net\/index.php\/wp-json\/wp\/v2\/media\/4810"}],"wp:attachment":[{"href":"https:\/\/railen.net\/index.php\/wp-json\/wp\/v2\/media?parent=4807"}],"wp:term":[{"taxonomy":"product_cat","embeddable":true,"href":"https:\/\/railen.net\/index.php\/wp-json\/wp\/v2\/product_cat?post=4807"},{"taxonomy":"product_tag","embeddable":true,"href":"https:\/\/railen.net\/index.php\/wp-json\/wp\/v2\/product_tag?post=4807"}],"curies":[{"name":"wp","href":"https:\/\/api.w.org\/{rel}","templated":true}]}}