{"id":4779,"date":"2024-07-25T20:38:13","date_gmt":"2024-07-25T20:38:13","guid":{"rendered":"https:\/\/railen.net\/?post_type=product&#038;p=4779"},"modified":"2024-07-25T20:38:13","modified_gmt":"2024-07-25T20:38:13","slug":"algodon-hidrofilo-prensado","status":"publish","type":"product","link":"https:\/\/railen.net\/index.php\/producto\/algodon-hidrofilo-prensado\/","title":{"rendered":"Algod\u00f3n Hidr\u00f3filo Prensado"},"content":{"rendered":"<p><strong>Algod\u00f3n Hidr\u00f3filo Prensado<\/strong><\/p>\n<ul>\n<li>Especial para higiene y desinfecci\u00f3n<\/li>\n<li>En base a algod\u00f3n natural<\/li>\n<li>Sin fibras sint\u00e9ticas<\/li>\n<\/ul>\n","protected":false},"excerpt":{"rendered":"<p>Distintos Tama\u00f1os<\/p>\n","protected":false},"featured_media":4780,"comment_status":"open","ping_status":"closed","template":"","meta":[],"product_cat":[51],"product_tag":[],"_links":{"self":[{"href":"https:\/\/railen.net\/index.php\/wp-json\/wp\/v2\/product\/4779"}],"collection":[{"href":"https:\/\/railen.net\/index.php\/wp-json\/wp\/v2\/product"}],"about":[{"href":"https:\/\/railen.net\/index.php\/wp-json\/wp\/v2\/types\/product"}],"replies":[{"embeddable":true,"href":"https:\/\/railen.net\/index.php\/wp-json\/wp\/v2\/comments?post=4779"}],"wp:featuredmedia":[{"embeddable":true,"href":"https:\/\/railen.net\/index.php\/wp-json\/wp\/v2\/media\/4780"}],"wp:attachment":[{"href":"https:\/\/railen.net\/index.php\/wp-json\/wp\/v2\/media?parent=4779"}],"wp:term":[{"taxonomy":"product_cat","embeddable":true,"href":"https:\/\/railen.net\/index.php\/wp-json\/wp\/v2\/product_cat?post=4779"},{"taxonomy":"product_tag","embeddable":true,"href":"https:\/\/railen.net\/index.php\/wp-json\/wp\/v2\/product_tag?post=4779"}],"curies":[{"name":"wp","href":"https:\/\/api.w.org\/{rel}","templated":true}]}}