{"id":4744,"date":"2024-07-25T17:58:53","date_gmt":"2024-07-25T17:58:53","guid":{"rendered":"https:\/\/railen.net\/?post_type=product&#038;p=4744"},"modified":"2024-07-25T18:16:51","modified_gmt":"2024-07-25T18:16:51","slug":"fixomull-stretch","status":"publish","type":"product","link":"https:\/\/railen.net\/index.php\/producto\/fixomull-stretch\/","title":{"rendered":"Fixomull Stretch"},"content":{"rendered":"<p><strong>Fixomull Stretch\u00a0 &#8211; Vendaje de Fijaci\u00f3n para heridas y accesorios<\/strong><\/p>\n<p>El vendaje de fijaci\u00f3n Fixomull Stretch es una soluci\u00f3n ideal para la fijaci\u00f3n segura de ap\u00f3sitos en heridas, particularmente en articulaciones. Este Tipo de vendaje es ideal para la fijaci\u00f3n segura de tubos, cat\u00e9teres, dispositivos e instrumentos de medici\u00f3n.<\/p>\n<p><strong>Caracter\u00edsticas:<\/strong><\/p>\n<p>&#8211; Buen poder adhesivo inicial y permanente:\u00a0El adhesivo acr\u00edlico hipoalerg\u00e9nico se adhiere firmemente a la piel, incluso en condiciones h\u00famedas.<br \/>\n&#8211; Aceptado por la piel, incluso en personas con piel delicada: La gasa de poli\u00e9ster sin tejer es suave y confortable de usar.<br \/>\n&#8211; Se expande y se adapta a \u00e1reas curvas del cuerpo. Su flexibilidad permite adaptarse a la forma del cuerpo, ofreciendo una sujeci\u00f3n firme y c\u00f3moda.<br \/>\n&#8211; Evita la restricci\u00f3n, obstrucci\u00f3n y perturbaci\u00f3n de la circulaci\u00f3n sangu\u00ednea: El vendaje tiene la amplitud necesaria para no ejercer presi\u00f3n sobre la piel, lo que contribuye a prevenir complicaciones.<br \/>\n&#8211; Radiotransparente:\u00a0El vendaje es visible en las radiograf\u00edas, lo que facilita la evaluaci\u00f3n de la herida.<br \/>\n&#8211; Flexible:\u00a0El vendaje es f\u00e1cil de manipular y aplicar, lo que lo hace ideal para su uso en \u00e1reas dif\u00edciles de alcanzar.<br \/>\n&#8211; F\u00e1cil manejo:\u00a0El vendaje se puede retirar f\u00e1cilmente sin da\u00f1ar la piel.<br \/>\n&#8211; Permeable al aire y al vapor de agua:\u00a0El vendaje permite que la piel respire, lo que ayuda a prevenir la infecci\u00f3n.<br \/>\n&#8211; Seguro para usar con diferentes dispositivos m\u00e9dicos, el vendaje no reacciona con caucho y pl\u00e1sticos, siendo qu\u00edmicamente inerte.<br \/>\n&#8211; Vigencia de 5 a\u00f1os:\u00a0El vendaje tiene una vida \u00fatil de 5 a\u00f1os, lo que lo hace una inversi\u00f3n rentable.<br \/>\n&#8211; Libre de l\u00e1tex:\u00a0El vendaje es libre de l\u00e1tex, lo que lo hace seguro para personas con alergias al l\u00e1tex.<\/p>\n<p><strong>Tama\u00f1os Disponibles:\u00a0<\/strong><\/p>\n<p><span style=\"color: #ff0000;\">&#8211; 5 cent\u00edmetros por 5 metros<\/span><\/p>\n<p>&#8211;<span style=\"color: #ff0000;\">5 cent\u00edmetros por 10 metros<\/span><\/p>\n<p><span style=\"color: #ff0000;\">&#8211;\u00a010 cent\u00edmetros por 10 metros<\/span><\/p>\n<p><strong>Recomendaciones de uso:<\/strong><\/p>\n<p>&#8211; Fijaci\u00f3n de ap\u00f3sitos en heridas:\u00a0El vendaje se puede utilizar para fijar ap\u00f3sitos en heridas de cualquier tama\u00f1o o ubicaci\u00f3n.<br \/>\n&#8211; Fijaci\u00f3n de tubos, cat\u00e9teres, dispositivos e instrumentos de medici\u00f3n:\u00a0El vendaje se puede utilizar para fijar tubos, cat\u00e9teres, dispositivos e instrumentos de medici\u00f3n en su lugar.<\/p>\n<p>&nbsp;<\/p>\n","protected":false},"excerpt":{"rendered":"<p><span style=\"color: #000000;\"><strong>Fixomull Tama\u00f1os Disponibles:\u00a0<\/strong><\/span><br \/>\n<span style=\"color: #000000;\">&#8211; 5 cent\u00edmetros por 10 metros<\/span><br \/>\n<span style=\"color: #000000;\">&#8211;\u00a010 cent\u00edmetros por 10 metros<\/span><\/p>\n","protected":false},"featured_media":4747,"comment_status":"open","ping_status":"closed","template":"","meta":[],"product_cat":[51],"product_tag":[],"_links":{"self":[{"href":"https:\/\/railen.net\/index.php\/wp-json\/wp\/v2\/product\/4744"}],"collection":[{"href":"https:\/\/railen.net\/index.php\/wp-json\/wp\/v2\/product"}],"about":[{"href":"https:\/\/railen.net\/index.php\/wp-json\/wp\/v2\/types\/product"}],"replies":[{"embeddable":true,"href":"https:\/\/railen.net\/index.php\/wp-json\/wp\/v2\/comments?post=4744"}],"wp:featuredmedia":[{"embeddable":true,"href":"https:\/\/railen.net\/index.php\/wp-json\/wp\/v2\/media\/4747"}],"wp:attachment":[{"href":"https:\/\/railen.net\/index.php\/wp-json\/wp\/v2\/media?parent=4744"}],"wp:term":[{"taxonomy":"product_cat","embeddable":true,"href":"https:\/\/railen.net\/index.php\/wp-json\/wp\/v2\/product_cat?post=4744"},{"taxonomy":"product_tag","embeddable":true,"href":"https:\/\/railen.net\/index.php\/wp-json\/wp\/v2\/product_tag?post=4744"}],"curies":[{"name":"wp","href":"https:\/\/api.w.org\/{rel}","templated":true}]}}