{"id":4741,"date":"2024-07-25T17:36:03","date_gmt":"2024-07-25T17:36:03","guid":{"rendered":"https:\/\/railen.net\/?post_type=product&#038;p=4741"},"modified":"2024-07-25T17:36:03","modified_gmt":"2024-07-25T17:36:03","slug":"guantes-de-nitrilo-sensemed-100-unidades","status":"publish","type":"product","link":"https:\/\/railen.net\/index.php\/producto\/guantes-de-nitrilo-sensemed-100-unidades\/","title":{"rendered":"Guantes de Nitrilo Sensemed 100 Unidades"},"content":{"rendered":"<p><span style=\"color: #000000;\">Guante de nitrilo desechable que protege al paciente y al usuario de la contaminaci\u00f3n cruzada e infecciones en procedimientos de diagn\u00f3stico y terap\u00e9uticos. Recomendado para la protecci\u00f3n de manos en procedimientos del \u00e1rea m\u00e9dica, dental, industrial, laboratorio, centros de est\u00e9tica y belleza, manipulaci\u00f3n de alimentos, puestos de inspecci\u00f3n y seguridad.<\/span><\/p>\n<p><span style=\"color: #000000;\"><b>BENEFICIOS:<\/b><\/span><\/p>\n<ul>\n<li><span style=\"color: #000000;\"><b>Resistentes a<\/b>\u00a0Fluidos biol\u00f3gicos, antis\u00e9pticos y desinfectantes.<\/span><\/li>\n<li><span style=\"color: #000000;\"><b>Alta resistencia<\/b>\u00a0a la tracci\u00f3n, evitando que se rompa f\u00e1cilmente.<\/span><\/li>\n<li><span style=\"color: #000000;\"><b>Libre de polvo:<\/b>\u00a0Libera menos part\u00edculas en su postura y previene la dermatitis de contacto. Manejo seguro de instrumentos: Texturizado en los dedos.<\/span><\/li>\n<li><span style=\"color: #000000;\"><b>Comfort superior:<\/b>\u00a0proporciona alta sensibilidad al tacto.<\/span><\/li>\n<li><span style=\"color: #000000;\"><b>Antideslizante:<\/b>\u00a0Permite una mejor adherencia.<\/span><\/li>\n<li><span style=\"color: #000000;\"><b>Los pu\u00f1os<\/b>\u00a0poseen el\u00a0<b>extremo rebordeado<\/b> para mayor resistencia al colocarlos, previene que se enrolle de vuelta y frena las gotas sobre el guante.<\/span><\/li>\n<\/ul>\n<p><span style=\"color: #000000;\"><b>ESPECIFICACIONES:<\/b><\/span><\/p>\n<ul>\n<li><span style=\"color: #000000;\">Espesor Palma y dedos: min. 0.08 mm.<\/span><\/li>\n<li><span style=\"color: #000000;\">Espesor Pu\u00f1o: min.0.07 mm.<\/span><\/li>\n<li><span style=\"color: #000000;\">Largo: min.240 mm.<\/span><\/li>\n<li><span style=\"color: #000000;\">Fuerza de rotura: Mediana 6N<\/span><\/li>\n<li><span style=\"color: #000000;\">Grosor de pared: Med 0,19 \/ 0,21 mm.<\/span><\/li>\n<li><span style=\"color: #000000;\">Impermeabilidad: AQL 4.0\/1.5 y 2.5<\/span><\/li>\n<li><span style=\"color: #000000;\">Directrices de Conformidad: EN 455<\/span><\/li>\n<li><span style=\"color: #000000;\">Duraci\u00f3n: 3 a\u00f1os desde fecha fabricaci\u00f3n<\/span><\/li>\n<\/ul>\n","protected":false},"excerpt":{"rendered":"<p>Guante de nitrilo desechable que protege al paciente y al usuario de la contaminaci\u00f3n cruzada e infecciones en procedimientos de diagn\u00f3stico y terap\u00e9uticos. Recomendado para la protecci\u00f3n de manos en procedimientos del \u00e1rea m\u00e9dica, dental, industrial, laboratorio, centros de est\u00e9tica y belleza, manipulaci\u00f3n de alimentos, puestos de inspecci\u00f3n y seguridad. BENEFICIOS: Resistentes a\u00a0Fluidos biol\u00f3gicos, antis\u00e9pticos [&hellip;]<\/p>\n","protected":false},"featured_media":4742,"comment_status":"open","ping_status":"closed","template":"","meta":[],"product_cat":[51,54],"product_tag":[],"_links":{"self":[{"href":"https:\/\/railen.net\/index.php\/wp-json\/wp\/v2\/product\/4741"}],"collection":[{"href":"https:\/\/railen.net\/index.php\/wp-json\/wp\/v2\/product"}],"about":[{"href":"https:\/\/railen.net\/index.php\/wp-json\/wp\/v2\/types\/product"}],"replies":[{"embeddable":true,"href":"https:\/\/railen.net\/index.php\/wp-json\/wp\/v2\/comments?post=4741"}],"wp:featuredmedia":[{"embeddable":true,"href":"https:\/\/railen.net\/index.php\/wp-json\/wp\/v2\/media\/4742"}],"wp:attachment":[{"href":"https:\/\/railen.net\/index.php\/wp-json\/wp\/v2\/media?parent=4741"}],"wp:term":[{"taxonomy":"product_cat","embeddable":true,"href":"https:\/\/railen.net\/index.php\/wp-json\/wp\/v2\/product_cat?post=4741"},{"taxonomy":"product_tag","embeddable":true,"href":"https:\/\/railen.net\/index.php\/wp-json\/wp\/v2\/product_tag?post=4741"}],"curies":[{"name":"wp","href":"https:\/\/api.w.org\/{rel}","templated":true}]}}