{"id":4704,"date":"2024-07-25T15:48:27","date_gmt":"2024-07-25T15:48:27","guid":{"rendered":"https:\/\/railen.net\/?post_type=product&#038;p=4704"},"modified":"2024-07-25T16:47:44","modified_gmt":"2024-07-25T16:47:44","slug":"tela-adhesiva-papel-microporosa-2-5-cm-x-9-2-mt-con-dispensador","status":"publish","type":"product","link":"https:\/\/railen.net\/index.php\/producto\/tela-adhesiva-papel-microporosa-2-5-cm-x-9-2-mt-con-dispensador\/","title":{"rendered":"Tela Adhesiva Papel Microporosa Blanca con Dispensador"},"content":{"rendered":"<p>Tela Adhesiva Papel Blanca de 1.25cm, 2.5cm o 5cm con Dispensador<\/p>\n<p>Hipoalerg\u00e9nica, permeable al aire y repelente al agua: permite que la piel respire.<br \/>\nMaterial no tejido y pel\u00edcula adhesiva uniforme.<br \/>\nTextura fina y flexibilidad permiten cortar manualmente.<br \/>\nIdeales para fijaci\u00f3n de ap\u00f3sitos, especialmente para pieles sensibles (uso pedi\u00e1trico o geri\u00e1trico) y para cambios repetidos de ap\u00f3sitos.<br \/>\nDisponible en colores blanco y beige.<br \/>\nLibre de l\u00e1tex.<\/p>\n","protected":false},"excerpt":{"rendered":"<p>Tela Adhesiva Papel Blanca de 1.25cm, 2.5cm o 5cm con Dispensador<\/p>\n","protected":false},"featured_media":4705,"comment_status":"open","ping_status":"closed","template":"","meta":[],"product_cat":[51],"product_tag":[],"_links":{"self":[{"href":"https:\/\/railen.net\/index.php\/wp-json\/wp\/v2\/product\/4704"}],"collection":[{"href":"https:\/\/railen.net\/index.php\/wp-json\/wp\/v2\/product"}],"about":[{"href":"https:\/\/railen.net\/index.php\/wp-json\/wp\/v2\/types\/product"}],"replies":[{"embeddable":true,"href":"https:\/\/railen.net\/index.php\/wp-json\/wp\/v2\/comments?post=4704"}],"wp:featuredmedia":[{"embeddable":true,"href":"https:\/\/railen.net\/index.php\/wp-json\/wp\/v2\/media\/4705"}],"wp:attachment":[{"href":"https:\/\/railen.net\/index.php\/wp-json\/wp\/v2\/media?parent=4704"}],"wp:term":[{"taxonomy":"product_cat","embeddable":true,"href":"https:\/\/railen.net\/index.php\/wp-json\/wp\/v2\/product_cat?post=4704"},{"taxonomy":"product_tag","embeddable":true,"href":"https:\/\/railen.net\/index.php\/wp-json\/wp\/v2\/product_tag?post=4704"}],"curies":[{"name":"wp","href":"https:\/\/api.w.org\/{rel}","templated":true}]}}