{"id":4696,"date":"2024-07-25T15:34:20","date_gmt":"2024-07-25T15:34:20","guid":{"rendered":"https:\/\/railen.net\/?post_type=product&#038;p=4696"},"modified":"2024-07-25T15:34:20","modified_gmt":"2024-07-25T15:34:20","slug":"piso-bano-herradura","status":"publish","type":"product","link":"https:\/\/railen.net\/index.php\/producto\/piso-bano-herradura\/","title":{"rendered":"Piso Ba\u00f1o Herradura"},"content":{"rendered":"<p>El piso de ducha cuenta con una altura de 35 a 45 cm y un marco de aluminio cromado resistente y anti corrosi\u00f3n para mayor durabilidad. Su asiento en forma de U lo hace ideal para limpiar de forma r\u00e1pida y pr\u00e1ctica la zona genital del paciente.<\/p>\n<p>Tama\u00f1o: 35-45x47x39cm.<\/p>\n<p>Material: asiento pl\u00e1stico de alta densidad y marco de aluminio cromado.<\/p>\n<p>Color asiento: blanco. Topes de gomas antideslizante para mayor seguridad y agarre.<\/p>\n<p>Medida en la base de las patas de 46 por ancho x 50 de largo.<\/p>\n<p>Resistencia: 100 kls.<\/p>\n","protected":false},"excerpt":{"rendered":"<p>El piso de ducha cuenta con una altura de 35 a 45 cm y un marco de aluminio cromado resistente y anti corrosi\u00f3n para mayor durabilidad. Su asiento en forma de U lo hace ideal para limpiar de forma r\u00e1pida y pr\u00e1ctica la zona genital del paciente. Tama\u00f1o: 35-45x47x39cm. Material: asiento pl\u00e1stico de alta densidad [&hellip;]<\/p>\n","protected":false},"featured_media":4698,"comment_status":"open","ping_status":"closed","template":"","meta":[],"product_cat":[80],"product_tag":[],"_links":{"self":[{"href":"https:\/\/railen.net\/index.php\/wp-json\/wp\/v2\/product\/4696"}],"collection":[{"href":"https:\/\/railen.net\/index.php\/wp-json\/wp\/v2\/product"}],"about":[{"href":"https:\/\/railen.net\/index.php\/wp-json\/wp\/v2\/types\/product"}],"replies":[{"embeddable":true,"href":"https:\/\/railen.net\/index.php\/wp-json\/wp\/v2\/comments?post=4696"}],"wp:featuredmedia":[{"embeddable":true,"href":"https:\/\/railen.net\/index.php\/wp-json\/wp\/v2\/media\/4698"}],"wp:attachment":[{"href":"https:\/\/railen.net\/index.php\/wp-json\/wp\/v2\/media?parent=4696"}],"wp:term":[{"taxonomy":"product_cat","embeddable":true,"href":"https:\/\/railen.net\/index.php\/wp-json\/wp\/v2\/product_cat?post=4696"},{"taxonomy":"product_tag","embeddable":true,"href":"https:\/\/railen.net\/index.php\/wp-json\/wp\/v2\/product_tag?post=4696"}],"curies":[{"name":"wp","href":"https:\/\/api.w.org\/{rel}","templated":true}]}}