{"id":4694,"date":"2024-07-25T15:29:59","date_gmt":"2024-07-25T15:29:59","guid":{"rendered":"https:\/\/railen.net\/?post_type=product&#038;p=4694"},"modified":"2024-07-25T15:29:59","modified_gmt":"2024-07-25T15:29:59","slug":"cojin-separador-de-rodillas","status":"publish","type":"product","link":"https:\/\/railen.net\/index.php\/producto\/cojin-separador-de-rodillas\/","title":{"rendered":"Coj\u00edn Separador de Rodillas"},"content":{"rendered":"<p>El Coj\u00edn asiento ergonom\u00e9trico es fabricado en espuma visco el\u00e1stica de alta densidad, lo que permite que se adapte a su cuerpo otorg\u00e1ndole la comodidad que usted necesita.<\/p>\n<h3>Restaura la alineaci\u00f3n natural de la columna al dormir<\/h3>\n<p>Es la almohada para piernas que te permite dormir c\u00f3modamente y evitar los dolores articulares y de espalda que dificultan el descanso.<br \/>\nAlinea tu columna vertebral para evitar molestias en la espalda baja y la cadera<\/p>\n<div class=\"col\">\n<div class=\"tab-info\">\n<ul>\n<li>Almohada de espuma viscoel\u00e1stica<\/li>\n<li>Hipoalerg\u00e9nica y lavable<\/li>\n<li>Dise\u00f1o \u00fanico e innovador para un \u00f3ptimo descanso<\/li>\n<li>Es de material transpirable, lo que permite que se mantenga seca y fresca toda la noche<\/li>\n<li>Mantiene su forma<\/li>\n<li>Funda extra\u00edble y lavable<\/li>\n<\/ul>\n<\/div>\n<\/div>\n<div class=\"col\">\n<h3>BENEFICIOS<\/h3>\n<ul>\n<li>Alinea caderas, piernas y columna<\/li>\n<li>Confort y apoyo durante toda la noche<\/li>\n<li>Se adapta a la curva natural de tus piernas<\/li>\n<li>Estabiliza la pelvis y la espalda baja<\/li>\n<li>Restaura tu alineaci\u00f3n natural<\/li>\n<li>Reduce la presi\u00f3n sobre las rodillas, caderas y espalda baja<\/li>\n<li>Alivio para pies y caderas<\/li>\n<\/ul>\n<\/div>\n","protected":false},"excerpt":{"rendered":"<p>El Coj\u00edn asiento ergonom\u00e9trico es fabricado en espuma visco el\u00e1stica de alta densidad, lo que permite que se adapte a su cuerpo otorg\u00e1ndole la comodidad que usted necesita. Restaura la alineaci\u00f3n natural de la columna al dormir Es la almohada para piernas que te permite dormir c\u00f3modamente y evitar los dolores articulares y de espalda [&hellip;]<\/p>\n","protected":false},"featured_media":4695,"comment_status":"open","ping_status":"closed","template":"","meta":[],"product_cat":[47],"product_tag":[],"_links":{"self":[{"href":"https:\/\/railen.net\/index.php\/wp-json\/wp\/v2\/product\/4694"}],"collection":[{"href":"https:\/\/railen.net\/index.php\/wp-json\/wp\/v2\/product"}],"about":[{"href":"https:\/\/railen.net\/index.php\/wp-json\/wp\/v2\/types\/product"}],"replies":[{"embeddable":true,"href":"https:\/\/railen.net\/index.php\/wp-json\/wp\/v2\/comments?post=4694"}],"wp:featuredmedia":[{"embeddable":true,"href":"https:\/\/railen.net\/index.php\/wp-json\/wp\/v2\/media\/4695"}],"wp:attachment":[{"href":"https:\/\/railen.net\/index.php\/wp-json\/wp\/v2\/media?parent=4694"}],"wp:term":[{"taxonomy":"product_cat","embeddable":true,"href":"https:\/\/railen.net\/index.php\/wp-json\/wp\/v2\/product_cat?post=4694"},{"taxonomy":"product_tag","embeddable":true,"href":"https:\/\/railen.net\/index.php\/wp-json\/wp\/v2\/product_tag?post=4694"}],"curies":[{"name":"wp","href":"https:\/\/api.w.org\/{rel}","templated":true}]}}