{"id":4690,"date":"2024-07-25T15:25:37","date_gmt":"2024-07-25T15:25:37","guid":{"rendered":"https:\/\/railen.net\/?post_type=product&#038;p=4690"},"modified":"2024-07-25T15:25:37","modified_gmt":"2024-07-25T15:25:37","slug":"bosu","status":"publish","type":"product","link":"https:\/\/railen.net\/index.php\/producto\/bosu\/","title":{"rendered":"Bosu"},"content":{"rendered":"<p>El\u00a0bosu ball se utiliza para entrenar el equilibrio, la coordinaci\u00f3n y tonificar m\u00faltiples grupos musculares, como el abdomen, los gl\u00fateos, las piernas y el tronco. Se puede usar por ambos lados.<\/p>\n<p>Es muy utilizado por deportistas profesionales, aficionados y para la rehabilitaci\u00f3n del tren inferior. Adem\u00e1s, es de gran utilidad para los entrenamientos funcionales.<\/p>\n<p>Adicionalmente trae manillas con bandas el\u00e1sticas desmontables para ampliar la gama de ejercicios posibles con este accesorio, permiti\u00e9ndote ejercitar brazos, tr\u00edceps, pecho y hombros, entre otros.<\/p>\n<p>Composici\u00f3n:<\/p>\n<ul>\n<li>Superficie de l\u00e1tex antideslizante<\/li>\n<li>Base de PVC resistente con topes antideslizantes<\/li>\n<\/ul>\n","protected":false},"excerpt":{"rendered":"<p>El\u00a0bosu ball se utiliza para entrenar el equilibrio, la coordinaci\u00f3n y tonificar m\u00faltiples grupos musculares, como el abdomen, los gl\u00fateos, las piernas y el tronco. Se puede usar por ambos lados. Es muy utilizado por deportistas profesionales, aficionados y para la rehabilitaci\u00f3n del tren inferior. Adem\u00e1s, es de gran utilidad para los entrenamientos funcionales. Adicionalmente [&hellip;]<\/p>\n","protected":false},"featured_media":4691,"comment_status":"open","ping_status":"closed","template":"","meta":[],"product_cat":[83],"product_tag":[],"_links":{"self":[{"href":"https:\/\/railen.net\/index.php\/wp-json\/wp\/v2\/product\/4690"}],"collection":[{"href":"https:\/\/railen.net\/index.php\/wp-json\/wp\/v2\/product"}],"about":[{"href":"https:\/\/railen.net\/index.php\/wp-json\/wp\/v2\/types\/product"}],"replies":[{"embeddable":true,"href":"https:\/\/railen.net\/index.php\/wp-json\/wp\/v2\/comments?post=4690"}],"wp:featuredmedia":[{"embeddable":true,"href":"https:\/\/railen.net\/index.php\/wp-json\/wp\/v2\/media\/4691"}],"wp:attachment":[{"href":"https:\/\/railen.net\/index.php\/wp-json\/wp\/v2\/media?parent=4690"}],"wp:term":[{"taxonomy":"product_cat","embeddable":true,"href":"https:\/\/railen.net\/index.php\/wp-json\/wp\/v2\/product_cat?post=4690"},{"taxonomy":"product_tag","embeddable":true,"href":"https:\/\/railen.net\/index.php\/wp-json\/wp\/v2\/product_tag?post=4690"}],"curies":[{"name":"wp","href":"https:\/\/api.w.org\/{rel}","templated":true}]}}