{"id":4688,"date":"2024-07-25T15:24:11","date_gmt":"2024-07-25T15:24:11","guid":{"rendered":"https:\/\/railen.net\/?post_type=product&#038;p=4688"},"modified":"2024-07-25T15:24:11","modified_gmt":"2024-07-25T15:24:11","slug":"mancuernas-par","status":"publish","type":"product","link":"https:\/\/railen.net\/index.php\/producto\/mancuernas-par\/","title":{"rendered":"Mancuernas Par"},"content":{"rendered":"<p>Mancuernas dise\u00f1adas para un trabajo localizado de fortalecimiento de musculatura de brazos, pecho y espalda.<\/p>\n<p><b>Los ejercicios con mancuerna ayudan a los m\u00fasculos<\/b>, queman calor\u00edas y tonifican todo el cuerpo, no solo los m\u00fasculos de los brazos. Para este tipo de ejercicios de fuerza, el espacio requerido es m\u00ednimo respecto a otro tipo de ejercicios de tonificaci\u00f3n. Ni siquiera las mancuernas ocupan mucho espacio al recogerlas. Adem\u00e1s,\u00a0<b>la gama de ejercicios que se pueden realizar con las mancuernas es casi infinita<\/b>, y las lesiones, si se siguen los consejos b\u00e1sicos, m\u00ednimas.<\/p>\n","protected":false},"excerpt":{"rendered":"<p>Mancuernas dise\u00f1adas para un trabajo localizado de fortalecimiento de musculatura de brazos, pecho y espalda. Los ejercicios con mancuerna ayudan a los m\u00fasculos, queman calor\u00edas y tonifican todo el cuerpo, no solo los m\u00fasculos de los brazos. Para este tipo de ejercicios de fuerza, el espacio requerido es m\u00ednimo respecto a otro tipo de ejercicios [&hellip;]<\/p>\n","protected":false},"featured_media":4689,"comment_status":"open","ping_status":"closed","template":"","meta":[],"product_cat":[83],"product_tag":[],"_links":{"self":[{"href":"https:\/\/railen.net\/index.php\/wp-json\/wp\/v2\/product\/4688"}],"collection":[{"href":"https:\/\/railen.net\/index.php\/wp-json\/wp\/v2\/product"}],"about":[{"href":"https:\/\/railen.net\/index.php\/wp-json\/wp\/v2\/types\/product"}],"replies":[{"embeddable":true,"href":"https:\/\/railen.net\/index.php\/wp-json\/wp\/v2\/comments?post=4688"}],"wp:featuredmedia":[{"embeddable":true,"href":"https:\/\/railen.net\/index.php\/wp-json\/wp\/v2\/media\/4689"}],"wp:attachment":[{"href":"https:\/\/railen.net\/index.php\/wp-json\/wp\/v2\/media?parent=4688"}],"wp:term":[{"taxonomy":"product_cat","embeddable":true,"href":"https:\/\/railen.net\/index.php\/wp-json\/wp\/v2\/product_cat?post=4688"},{"taxonomy":"product_tag","embeddable":true,"href":"https:\/\/railen.net\/index.php\/wp-json\/wp\/v2\/product_tag?post=4688"}],"curies":[{"name":"wp","href":"https:\/\/api.w.org\/{rel}","templated":true}]}}