{"id":4661,"date":"2024-07-24T21:46:46","date_gmt":"2024-07-24T21:46:46","guid":{"rendered":"https:\/\/railen.net\/?post_type=product&#038;p=4661"},"modified":"2024-07-25T15:00:13","modified_gmt":"2024-07-25T15:00:13","slug":"suero-ringer-lactato-1000ml","status":"publish","type":"product","link":"https:\/\/railen.net\/index.php\/producto\/suero-ringer-lactato-1000ml\/","title":{"rendered":"SUERO RINGER LACTATO 1000ml"},"content":{"rendered":"<p>Soluci\u00f3n de Lactato Ringer se administrar\u00e1 por v\u00eda intravenosa.\u00a0 Las dosis pueden variarse seg\u00fan criterio m\u00e9dico. Soluci\u00f3n para perfusi\u00f3n.<\/p>\n<p>Soluci\u00f3n transparente e incolora, sin part\u00edculas visibles, est\u00e9ril y apir\u00f3gena.<\/p>\n<p>Indicaciones terap\u00e9uticas:<br \/>\nReposici\u00f3n hidroelectrol\u00edtica del fluido extracelular, como en estados de deshidrataci\u00f3n con p\u00e9rdida de electrolitos o en intervenciones quir\u00fargicas.<br \/>\nReposici\u00f3n del volumen plasm\u00e1tico a corto plazo en estados de shock hipovol\u00e9mico (hemorragias, quemaduras y otros problemas que provoquen p\u00e9rdidas del volumen circulatorio) o hipotensi\u00f3n.<br \/>\nEstados de acidosis metab\u00f3lica leve o moderada (excepto acidosis l\u00e1ctica).<\/p>\n","protected":false},"excerpt":{"rendered":"<p>Soluci\u00f3n de Lactato Ringer se administrar\u00e1 por v\u00eda intravenosa.\u00a0 Las dosis pueden variarse seg\u00fan criterio m\u00e9dico. Soluci\u00f3n para perfusi\u00f3n. Soluci\u00f3n transparente e incolora, sin part\u00edculas visibles, est\u00e9ril y apir\u00f3gena. Indicaciones terap\u00e9uticas: Reposici\u00f3n hidroelectrol\u00edtica del fluido extracelular, como en estados de deshidrataci\u00f3n con p\u00e9rdida de electrolitos o en intervenciones quir\u00fargicas. Reposici\u00f3n del volumen plasm\u00e1tico a corto [&hellip;]<\/p>\n","protected":false},"featured_media":4662,"comment_status":"open","ping_status":"closed","template":"","meta":[],"product_cat":[51],"product_tag":[],"_links":{"self":[{"href":"https:\/\/railen.net\/index.php\/wp-json\/wp\/v2\/product\/4661"}],"collection":[{"href":"https:\/\/railen.net\/index.php\/wp-json\/wp\/v2\/product"}],"about":[{"href":"https:\/\/railen.net\/index.php\/wp-json\/wp\/v2\/types\/product"}],"replies":[{"embeddable":true,"href":"https:\/\/railen.net\/index.php\/wp-json\/wp\/v2\/comments?post=4661"}],"wp:featuredmedia":[{"embeddable":true,"href":"https:\/\/railen.net\/index.php\/wp-json\/wp\/v2\/media\/4662"}],"wp:attachment":[{"href":"https:\/\/railen.net\/index.php\/wp-json\/wp\/v2\/media?parent=4661"}],"wp:term":[{"taxonomy":"product_cat","embeddable":true,"href":"https:\/\/railen.net\/index.php\/wp-json\/wp\/v2\/product_cat?post=4661"},{"taxonomy":"product_tag","embeddable":true,"href":"https:\/\/railen.net\/index.php\/wp-json\/wp\/v2\/product_tag?post=4661"}],"curies":[{"name":"wp","href":"https:\/\/api.w.org\/{rel}","templated":true}]}}