{"id":4659,"date":"2024-07-24T21:35:34","date_gmt":"2024-07-24T21:35:34","guid":{"rendered":"https:\/\/railen.net\/?post_type=product&#038;p=4659"},"modified":"2024-07-25T14:59:46","modified_gmt":"2024-07-25T14:59:46","slug":"suero-fisiologico-09-1000-ml","status":"publish","type":"product","link":"https:\/\/railen.net\/index.php\/producto\/suero-fisiologico-09-1000-ml\/","title":{"rendered":"Suero fisiol\u00f3gico 0,9% 1000 ml"},"content":{"rendered":"<p>Controla la distribuci\u00f3n del agua en el organismo y mantiene el equilibrio de l\u00edquidos. Al 0,9% provee un reequilibrio i\u00f3nico en estados de deshidrataci\u00f3n con p\u00e9rdida de sales. Estados de hipovolemia. Veh\u00edculo para la administraci\u00f3n de medicamentos y electrolitos. Alcalosis d\u00e9biles.<\/p>\n<p>INDICACIONES TERAP\u00c9UTICAS: El CLORURO DE SODIO es la sal principal usada para producir iones de sodio. La sal de sodio se usa principalmente como iones de sodio al igual que el acetato, bicarbonato, citrato y lactato.<br \/>\nLas sales de fosfato de sodio est\u00e1n enfocadas a proporcionar fosfatos. El CLORURO DE SODIO cuando se administra en vol\u00famenes peque\u00f1os inyectable se usa como diluyente de f\u00e1rmacos<br \/>\nCONTRAINDICACIONES: Pacientes con hipercloremia, hipernatremia, hipertensi\u00f3n tanto arterial como intracraneal se deber\u00e1 vigilar cuidadosamente el aporte de sodio en el paciente cardi\u00f3pata, insuficiencia renal cr\u00f3nica, etc.<br \/>\nREACCIONES SECUNDARIAS Y ADVERSAS:<br \/>\nNo suelen presentarse sino cuando se usa el CLORURO DE SODIO aun estando contraindicado, o sea cuando el organismo no necesita cloro ni sodio, al sumi\u00adnistrarlos quedan en exceso.<\/p>\n","protected":false},"excerpt":{"rendered":"<p>Controla la distribuci\u00f3n del agua en el organismo y mantiene el equilibrio de l\u00edquidos. Al 0,9% provee un reequilibrio i\u00f3nico en estados de deshidrataci\u00f3n con p\u00e9rdida de sales. Estados de hipovolemia. Veh\u00edculo para la administraci\u00f3n de medicamentos y electrolitos. Alcalosis d\u00e9biles. INDICACIONES TERAP\u00c9UTICAS: El CLORURO DE SODIO es la sal principal usada para producir iones [&hellip;]<\/p>\n","protected":false},"featured_media":4660,"comment_status":"open","ping_status":"closed","template":"","meta":[],"product_cat":[51],"product_tag":[],"_links":{"self":[{"href":"https:\/\/railen.net\/index.php\/wp-json\/wp\/v2\/product\/4659"}],"collection":[{"href":"https:\/\/railen.net\/index.php\/wp-json\/wp\/v2\/product"}],"about":[{"href":"https:\/\/railen.net\/index.php\/wp-json\/wp\/v2\/types\/product"}],"replies":[{"embeddable":true,"href":"https:\/\/railen.net\/index.php\/wp-json\/wp\/v2\/comments?post=4659"}],"wp:featuredmedia":[{"embeddable":true,"href":"https:\/\/railen.net\/index.php\/wp-json\/wp\/v2\/media\/4660"}],"wp:attachment":[{"href":"https:\/\/railen.net\/index.php\/wp-json\/wp\/v2\/media?parent=4659"}],"wp:term":[{"taxonomy":"product_cat","embeddable":true,"href":"https:\/\/railen.net\/index.php\/wp-json\/wp\/v2\/product_cat?post=4659"},{"taxonomy":"product_tag","embeddable":true,"href":"https:\/\/railen.net\/index.php\/wp-json\/wp\/v2\/product_tag?post=4659"}],"curies":[{"name":"wp","href":"https:\/\/api.w.org\/{rel}","templated":true}]}}