{"id":4653,"date":"2024-07-24T21:17:09","date_gmt":"2024-07-24T21:17:09","guid":{"rendered":"https:\/\/railen.net\/?post_type=product&#038;p=4653"},"modified":"2024-07-25T15:05:07","modified_gmt":"2024-07-25T15:05:07","slug":"suero-fisiologico-ampolla-20-ml","status":"publish","type":"product","link":"https:\/\/railen.net\/index.php\/producto\/suero-fisiologico-ampolla-20-ml\/","title":{"rendered":"Suero Fisiol\u00f3gico, Ampolla 20 ML"},"content":{"rendered":"<p>Utilizado principalmente en el \u00e1rea de emergencias m\u00e9dicas en cortaduras en la piel, en v\u00f3mitos constantes (v\u00eda oral) y en obstrucciones nasales.<\/p>\n<p>Ocasionalmente se usa tambi\u00e9n por v\u00eda oft\u00e1lmica a fin de calmar la irritaci\u00f3n ocular, as\u00ed como para facilitar la colocaci\u00f3n de\u00a0lentes de contacto.<\/p>\n<ul>\n<li>Dosificado en ampollas desechables.<\/li>\n<li>Soluci\u00f3n al 0.9 de cloruro de sodio.<\/li>\n<li>Liquido incoloro e inoloro.<\/li>\n<li>\u00a0Disolvente y veh\u00edculo de medicamentos compatibles que deban administrarse por v\u00eda parenteral.<\/li>\n<li>El cloruro de sodio es incompatible con el i\u00f3n plata, la anfotericina, las tetraciclinas y sales de litio. Se recomienda consultar tablas de compatibilidades antes de adicionar medicamentos.<\/li>\n<li>No requiere condiciones especiales de conservaci\u00f3n.<\/li>\n<li>Envases para un solo uso. Desechar cualquier contenido remanente no utilizado tras finalizar la administraci\u00f3n.<\/li>\n<li>Ampolla de polietileno de baja densidad.<\/li>\n<li>Validez de 3 a\u00f1os a partir de su fecha de fabricaci\u00f3n.<\/li>\n<\/ul>\n","protected":false},"excerpt":{"rendered":"<p>Utilizado principalmente en el \u00e1rea de emergencias m\u00e9dicas en cortaduras en la piel, en v\u00f3mitos constantes (v\u00eda oral) y en obstrucciones nasales. Ocasionalmente se usa tambi\u00e9n por v\u00eda oft\u00e1lmica a fin de calmar la irritaci\u00f3n ocular, as\u00ed como para facilitar la colocaci\u00f3n de\u00a0lentes de contacto. Dosificado en ampollas desechables. Soluci\u00f3n al 0.9 de cloruro de [&hellip;]<\/p>\n","protected":false},"featured_media":4654,"comment_status":"open","ping_status":"closed","template":"","meta":[],"product_cat":[51],"product_tag":[],"_links":{"self":[{"href":"https:\/\/railen.net\/index.php\/wp-json\/wp\/v2\/product\/4653"}],"collection":[{"href":"https:\/\/railen.net\/index.php\/wp-json\/wp\/v2\/product"}],"about":[{"href":"https:\/\/railen.net\/index.php\/wp-json\/wp\/v2\/types\/product"}],"replies":[{"embeddable":true,"href":"https:\/\/railen.net\/index.php\/wp-json\/wp\/v2\/comments?post=4653"}],"wp:featuredmedia":[{"embeddable":true,"href":"https:\/\/railen.net\/index.php\/wp-json\/wp\/v2\/media\/4654"}],"wp:attachment":[{"href":"https:\/\/railen.net\/index.php\/wp-json\/wp\/v2\/media?parent=4653"}],"wp:term":[{"taxonomy":"product_cat","embeddable":true,"href":"https:\/\/railen.net\/index.php\/wp-json\/wp\/v2\/product_cat?post=4653"},{"taxonomy":"product_tag","embeddable":true,"href":"https:\/\/railen.net\/index.php\/wp-json\/wp\/v2\/product_tag?post=4653"}],"curies":[{"name":"wp","href":"https:\/\/api.w.org\/{rel}","templated":true}]}}