{"id":4646,"date":"2024-07-24T21:09:31","date_gmt":"2024-07-24T21:09:31","guid":{"rendered":"https:\/\/railen.net\/?post_type=product&#038;p=4646"},"modified":"2024-07-24T22:35:33","modified_gmt":"2024-07-24T22:35:33","slug":"gasa-parafinada-10x20cm-farmactive","status":"publish","type":"product","link":"https:\/\/railen.net\/index.php\/producto\/gasa-parafinada-10x20cm-farmactive\/","title":{"rendered":"Gasa Parafinada 10\u00d720cm, Farmactive"},"content":{"rendered":"<p>La gasa parafinada es un ap\u00f3sito est\u00e9ril con un tejido abierto (malla). Es usado como ap\u00f3sito primario y su principal caracter\u00edstica es brindar humedad a la herida, tiene nula adherencia a los tejidos, permite el libre paso del exudado al ap\u00f3sito secundario, brinda humedad y oxigenaci\u00f3n adecuada, favorece la cicatrizaci\u00f3n.<br \/>\nPermite que la herida se drene hacia un ap\u00f3sito absorbente.<br \/>\nMinimiza el deshilado cuando el ap\u00f3sito se recorta al tama\u00f1o y forma de la herida.<br \/>\nReduce el dolor en los recambio al ser suave y de baja adherencia.<br \/>\nAl retirar el ap\u00f3sito, se realiza de manera atraum\u00e1tica.<br \/>\nProtege la herida al utilizarse como interface.<br \/>\nCompatible con cualquier tipo de medicamento t\u00f3pico.<\/p>\n","protected":false},"excerpt":{"rendered":"<p>La gasa parafinada es un ap\u00f3sito est\u00e9ril con un tejido abierto (malla). Es usado como ap\u00f3sito primario y su principal caracter\u00edstica es brindar humedad a la herida, tiene nula adherencia a los tejidos, permite el libre paso del exudado al ap\u00f3sito secundario, brinda humedad y oxigenaci\u00f3n adecuada, favorece la cicatrizaci\u00f3n. Permite que la herida se [&hellip;]<\/p>\n","protected":false},"featured_media":4647,"comment_status":"open","ping_status":"closed","template":"","meta":[],"product_cat":[81],"product_tag":[],"_links":{"self":[{"href":"https:\/\/railen.net\/index.php\/wp-json\/wp\/v2\/product\/4646"}],"collection":[{"href":"https:\/\/railen.net\/index.php\/wp-json\/wp\/v2\/product"}],"about":[{"href":"https:\/\/railen.net\/index.php\/wp-json\/wp\/v2\/types\/product"}],"replies":[{"embeddable":true,"href":"https:\/\/railen.net\/index.php\/wp-json\/wp\/v2\/comments?post=4646"}],"wp:featuredmedia":[{"embeddable":true,"href":"https:\/\/railen.net\/index.php\/wp-json\/wp\/v2\/media\/4647"}],"wp:attachment":[{"href":"https:\/\/railen.net\/index.php\/wp-json\/wp\/v2\/media?parent=4646"}],"wp:term":[{"taxonomy":"product_cat","embeddable":true,"href":"https:\/\/railen.net\/index.php\/wp-json\/wp\/v2\/product_cat?post=4646"},{"taxonomy":"product_tag","embeddable":true,"href":"https:\/\/railen.net\/index.php\/wp-json\/wp\/v2\/product_tag?post=4646"}],"curies":[{"name":"wp","href":"https:\/\/api.w.org\/{rel}","templated":true}]}}