{"id":4613,"date":"2024-07-24T18:14:45","date_gmt":"2024-07-24T18:14:45","guid":{"rendered":"https:\/\/railen.net\/?post_type=product&#038;p=4613"},"modified":"2024-07-24T18:14:45","modified_gmt":"2024-07-24T18:14:45","slug":"panty-compresiva-20-30mmhg-puntera-cerrada-ultrasheer","status":"publish","type":"product","link":"https:\/\/railen.net\/index.php\/producto\/panty-compresiva-20-30mmhg-puntera-cerrada-ultrasheer\/","title":{"rendered":"Panty Compresiva 20-30mmHg- Puntera Cerrada ULTRASHEER"},"content":{"rendered":"<p>Media Compresiva Panty JOBST ULTRASHEER 20-30mmHg -Puntera Cerrada<br \/>\nSon pantys compresiva para la prevenci\u00f3n y tratamiento del paciente con insuficiencia venosa cr\u00f3nica, desde piernas cansadas o pesadas, presencia de telangectasias, venas varicosas, edemas, cambios de coloraci\u00f3n de la piel, hasta \u00falceras venosas cicatrizadas (desde etapa C0 A C6), prevenci\u00f3n de recurrencia de ulcera venosa, generando un gradiente de compresi\u00f3n que favorece el retorno venoso y la microcirculaci\u00f3n.<br \/>\nSi est\u00e1s buscando una media de compresi\u00f3n m\u00e9dica que se adapte a tu estilo de vida activo y te proporcione el alivio y la seguridad para sentirte llena de confianza para realizar todas tus actividades, JOBST\u00ae Ultrasheer es para ti.<br \/>\nJOBST\u00ae Ultrasheer son medias pensadas para aquellas personas exigentes que acostumbran a usar un estilo formal. Su dise\u00f1o elegante, comodo y altamente transparente har\u00e1 que solo t\u00fa sepas que llevas una media con beneficios m\u00e9dicos.<br \/>\nSu suave tacto y su banda en la rodilla te ayudar\u00e1n a sentirte una gran comodidad, y su material transpirable te mantendr\u00e1 seca en todo momento.<br \/>\n\u00dasalas y olv\u00eddate del malestar en las piernas durante todo el d\u00eda gracias a la tecnolog\u00eda JOBST Advanced comfort\u2122, una exclusiva mezcla de hilos y acabados que te proporcionan una sensaci\u00f3n de frescura.<br \/>\nJOBST\u00ae Ultrasheer son tu mejor opci\u00f3n para mejorar tu circulaci\u00f3n sangu\u00ednea y aliviar los s\u00edntomas asociados a las enfermedades venosas.<br \/>\nTus piernas se merecen la experiencia de comodidad, salud y estilo que JOBST\u00ae te ofrece.<br \/>\nCaracter\u00edsticas<br \/>\n&#8211; Media compresiva graduada, la mayor compresi\u00f3n se encuentra a nivel de tobillo y va decreciendo hasta la parte superior de la pierna.<br \/>\n&#8211; Tecnolog\u00eda Softfit: Por contener hilos de silicona en su tejido, se adhieren suavemente a la piel y mantienen las medias en su lugar, como resultado de esto, la presi\u00f3n en la banda superior es rebajada, logrando mayor comodidad.<br \/>\n&#8211; Altamente transparente, mantiene el estilo y comodidad.<br \/>\n&#8211; Material extremadamente durable.<br \/>\n&#8211; Diversidad de modelos disponibles: rodilla, muslo con liga siliconada, panty.<br \/>\n&#8211; Dise\u00f1o anat\u00f3mico, requiere seleccionar la talla adecuada de acuerdo al di\u00e1metro del tobillo y pantorrilla, de modo de otorgar la compresi\u00f3n correcta.<br \/>\n&#8211; Muy costo\/efectivo, duraci\u00f3n m\u00ednima de 6 meses con uso diario y cuidados requeridos (lavado con detergente suave, sin aplicar cloro ni qu\u00edmicos, agua fr\u00eda o tibia, secado sin exposici\u00f3n a ninguna fuente de calor).<br \/>\n&#8211; Libre de l\u00e1tex.<br \/>\nAlmacenamiento<br \/>\n&#8211; En lugar fresco y seco.<br \/>\nComposici\u00f3n<br \/>\n&#8211; 60%-70% nylon, 30-40% elastano.<br \/>\nRecomendaciones de uso<br \/>\n&#8211; Compresi\u00f3n terap\u00e9utica de 15-20mmHg: Para uso desde piernas cansadas o pesadas sin signos visibles de insuficiencia venosa hasta la presencia de telangectasias (etapa C0-C1).<br \/>\n&#8211; Compresi\u00f3n terap\u00e9utica de 20-30mmHg: Para uso cuando hay presencia de telangectasia hasta presencia de venas varicosas o edema. Tambi\u00e9n indicado para la prevenci\u00f3n de recurrencia de \u00falceras venosas, post quir\u00fargico y post escleroterapia (etapa C1-C3).<br \/>\n&#8211; Compresi\u00f3n terap\u00e9utica de 30-40mmHg: Para venas varicosas y edema, tambi\u00e9n en presencia de cambios de coloraci\u00f3n de la piel y lipodermatoesclerosis o \u00falcera venosa cicatrizada (etapa C3-C5).<\/p>\n","protected":false},"excerpt":{"rendered":"<p>Media Compresiva Panty JOBST ULTRASHEER 20-30mmHg -Puntera Cerrada Son pantys compresiva para la prevenci\u00f3n y tratamiento del paciente con insuficiencia venosa cr\u00f3nica, desde piernas cansadas o pesadas, presencia de telangectasias, venas varicosas, edemas, cambios de coloraci\u00f3n de la piel, hasta \u00falceras venosas cicatrizadas (desde etapa C0 A C6), prevenci\u00f3n de recurrencia de ulcera venosa, generando [&hellip;]<\/p>\n","protected":false},"featured_media":4616,"comment_status":"open","ping_status":"closed","template":"","meta":[],"product_cat":[73,75],"product_tag":[],"_links":{"self":[{"href":"https:\/\/railen.net\/index.php\/wp-json\/wp\/v2\/product\/4613"}],"collection":[{"href":"https:\/\/railen.net\/index.php\/wp-json\/wp\/v2\/product"}],"about":[{"href":"https:\/\/railen.net\/index.php\/wp-json\/wp\/v2\/types\/product"}],"replies":[{"embeddable":true,"href":"https:\/\/railen.net\/index.php\/wp-json\/wp\/v2\/comments?post=4613"}],"wp:featuredmedia":[{"embeddable":true,"href":"https:\/\/railen.net\/index.php\/wp-json\/wp\/v2\/media\/4616"}],"wp:attachment":[{"href":"https:\/\/railen.net\/index.php\/wp-json\/wp\/v2\/media?parent=4613"}],"wp:term":[{"taxonomy":"product_cat","embeddable":true,"href":"https:\/\/railen.net\/index.php\/wp-json\/wp\/v2\/product_cat?post=4613"},{"taxonomy":"product_tag","embeddable":true,"href":"https:\/\/railen.net\/index.php\/wp-json\/wp\/v2\/product_tag?post=4613"}],"curies":[{"name":"wp","href":"https:\/\/api.w.org\/{rel}","templated":true}]}}