{"id":4577,"date":"2024-07-24T16:02:49","date_gmt":"2024-07-24T16:02:49","guid":{"rendered":"https:\/\/railen.net\/?post_type=product&#038;p=4577"},"modified":"2024-07-24T16:02:49","modified_gmt":"2024-07-24T16:02:49","slug":"pinza-quirurgica-14-cm-diente-de-raton","status":"publish","type":"product","link":"https:\/\/railen.net\/index.php\/producto\/pinza-quirurgica-14-cm-diente-de-raton\/","title":{"rendered":"Pinza Quir\u00fargica 14 Cm Diente De Rat\u00f3n"},"content":{"rendered":"<p>Material acero inoxidable.<\/p>\n<p>Punta recta.<\/p>\n<p>Se trata de un instrumento quir\u00fargico que se utiliza sobre todo en el quir\u00f3fano, donde sirve, por ejemplo, para agarrar y sujetar tejidos o vasos sangu\u00edneos, para la hemostasia primaria y para fijar los pa\u00f1os quir\u00fargicos.<\/p>\n<p>Se utiliza en procedimientos y cirug\u00edas con el fin de manipular o separar distintos tejidos sin cortar o lesionar.<\/p>\n","protected":false},"excerpt":{"rendered":"<p>Material acero inoxidable. Punta recta. Se trata de un instrumento quir\u00fargico que se utiliza sobre todo en el quir\u00f3fano, donde sirve, por ejemplo, para agarrar y sujetar tejidos o vasos sangu\u00edneos, para la hemostasia primaria y para fijar los pa\u00f1os quir\u00fargicos. Se utiliza en procedimientos y cirug\u00edas con el fin de manipular o separar distintos [&hellip;]<\/p>\n","protected":false},"featured_media":4578,"comment_status":"open","ping_status":"closed","template":"","meta":[],"product_cat":[78],"product_tag":[],"_links":{"self":[{"href":"https:\/\/railen.net\/index.php\/wp-json\/wp\/v2\/product\/4577"}],"collection":[{"href":"https:\/\/railen.net\/index.php\/wp-json\/wp\/v2\/product"}],"about":[{"href":"https:\/\/railen.net\/index.php\/wp-json\/wp\/v2\/types\/product"}],"replies":[{"embeddable":true,"href":"https:\/\/railen.net\/index.php\/wp-json\/wp\/v2\/comments?post=4577"}],"wp:featuredmedia":[{"embeddable":true,"href":"https:\/\/railen.net\/index.php\/wp-json\/wp\/v2\/media\/4578"}],"wp:attachment":[{"href":"https:\/\/railen.net\/index.php\/wp-json\/wp\/v2\/media?parent=4577"}],"wp:term":[{"taxonomy":"product_cat","embeddable":true,"href":"https:\/\/railen.net\/index.php\/wp-json\/wp\/v2\/product_cat?post=4577"},{"taxonomy":"product_tag","embeddable":true,"href":"https:\/\/railen.net\/index.php\/wp-json\/wp\/v2\/product_tag?post=4577"}],"curies":[{"name":"wp","href":"https:\/\/api.w.org\/{rel}","templated":true}]}}