{"id":4576,"date":"2024-07-24T15:57:34","date_gmt":"2024-07-24T15:57:34","guid":{"rendered":"https:\/\/railen.net\/?post_type=product&#038;p=4576"},"modified":"2024-07-24T15:57:34","modified_gmt":"2024-07-24T15:57:34","slug":"copela-algodonera-acero-inoxidable-8-cm","status":"publish","type":"product","link":"https:\/\/railen.net\/index.php\/producto\/copela-algodonera-acero-inoxidable-8-cm\/","title":{"rendered":"Copela -algodonera Acero Inoxidable 8 Cm"},"content":{"rendered":"<p>Copela algodonera de acero inoxidable, especial para el dep\u00f3sito de Algodones, Gasas, l\u00edquidos y preparaci\u00f3n de soluciones.<\/p>\n","protected":false},"excerpt":{"rendered":"<p>Copela algodonera de acero inoxidable, especial para el dep\u00f3sito de Algodones, Gasas, l\u00edquidos y preparaci\u00f3n de soluciones.<\/p>\n","protected":false},"featured_media":4575,"comment_status":"open","ping_status":"closed","template":"","meta":[],"product_cat":[78],"product_tag":[],"_links":{"self":[{"href":"https:\/\/railen.net\/index.php\/wp-json\/wp\/v2\/product\/4576"}],"collection":[{"href":"https:\/\/railen.net\/index.php\/wp-json\/wp\/v2\/product"}],"about":[{"href":"https:\/\/railen.net\/index.php\/wp-json\/wp\/v2\/types\/product"}],"replies":[{"embeddable":true,"href":"https:\/\/railen.net\/index.php\/wp-json\/wp\/v2\/comments?post=4576"}],"wp:featuredmedia":[{"embeddable":true,"href":"https:\/\/railen.net\/index.php\/wp-json\/wp\/v2\/media\/4575"}],"wp:attachment":[{"href":"https:\/\/railen.net\/index.php\/wp-json\/wp\/v2\/media?parent=4576"}],"wp:term":[{"taxonomy":"product_cat","embeddable":true,"href":"https:\/\/railen.net\/index.php\/wp-json\/wp\/v2\/product_cat?post=4576"},{"taxonomy":"product_tag","embeddable":true,"href":"https:\/\/railen.net\/index.php\/wp-json\/wp\/v2\/product_tag?post=4576"}],"curies":[{"name":"wp","href":"https:\/\/api.w.org\/{rel}","templated":true}]}}