{"id":4561,"date":"2024-07-24T15:29:41","date_gmt":"2024-07-24T15:29:41","guid":{"rendered":"https:\/\/railen.net\/?post_type=product&#038;p=4561"},"modified":"2024-07-24T15:29:41","modified_gmt":"2024-07-24T15:29:41","slug":"cojin-de-rotacion-para-pacientes","status":"publish","type":"product","link":"https:\/\/railen.net\/index.php\/producto\/cojin-de-rotacion-para-pacientes\/","title":{"rendered":"Coj\u00edn De Rotaci\u00f3n Para Pacientes"},"content":{"rendered":"<p>Dispositivo fabricado en material de poliuretano de alta resistencia e indeformable, forrado en suave tela de material impermeable, extra\u00edble y lavable.<\/p>\n<p>El dispositivo de rotaci\u00f3n permite facilitar la manipulaci\u00f3n del paciente postrado, anulando la carga del paciente. Cambia f\u00e1cilmente la posici\u00f3n del paciente y reduce el riesgo de dolor por presi\u00f3n.<\/p>\n<p>Reduce el riesgo de atrofia muscular.<\/p>\n<p>Modo de uso Coloque la parte superior de la rodilla en las dos ranuras del dispositivo de giro, se puede tirar f\u00e1cilmente con dos asas y ayuda al giro del paciente.<\/p>\n<p>El asistente de giro puede ser operado por una sola persona reduciendo la carga para los miembros de la familia. Medidas 48 x 40 x 15 cm.<\/p>\n","protected":false},"excerpt":{"rendered":"<p>Dispositivo fabricado en material de poliuretano de alta resistencia e indeformable, forrado en suave tela de material impermeable, extra\u00edble y lavable. El dispositivo de rotaci\u00f3n permite facilitar la manipulaci\u00f3n del paciente postrado, anulando la carga del paciente. Cambia f\u00e1cilmente la posici\u00f3n del paciente y reduce el riesgo de dolor por presi\u00f3n. Reduce el riesgo de [&hellip;]<\/p>\n","protected":false},"featured_media":4562,"comment_status":"open","ping_status":"closed","template":"","meta":[],"product_cat":[47],"product_tag":[],"_links":{"self":[{"href":"https:\/\/railen.net\/index.php\/wp-json\/wp\/v2\/product\/4561"}],"collection":[{"href":"https:\/\/railen.net\/index.php\/wp-json\/wp\/v2\/product"}],"about":[{"href":"https:\/\/railen.net\/index.php\/wp-json\/wp\/v2\/types\/product"}],"replies":[{"embeddable":true,"href":"https:\/\/railen.net\/index.php\/wp-json\/wp\/v2\/comments?post=4561"}],"wp:featuredmedia":[{"embeddable":true,"href":"https:\/\/railen.net\/index.php\/wp-json\/wp\/v2\/media\/4562"}],"wp:attachment":[{"href":"https:\/\/railen.net\/index.php\/wp-json\/wp\/v2\/media?parent=4561"}],"wp:term":[{"taxonomy":"product_cat","embeddable":true,"href":"https:\/\/railen.net\/index.php\/wp-json\/wp\/v2\/product_cat?post=4561"},{"taxonomy":"product_tag","embeddable":true,"href":"https:\/\/railen.net\/index.php\/wp-json\/wp\/v2\/product_tag?post=4561"}],"curies":[{"name":"wp","href":"https:\/\/api.w.org\/{rel}","templated":true}]}}