{"id":4558,"date":"2024-07-24T15:19:26","date_gmt":"2024-07-24T15:19:26","guid":{"rendered":"https:\/\/railen.net\/?post_type=product&#038;p=4558"},"modified":"2024-07-24T15:22:09","modified_gmt":"2024-07-24T15:22:09","slug":"rinon-de-acero-inoxidable-25cm","status":"publish","type":"product","link":"https:\/\/railen.net\/index.php\/producto\/rinon-de-acero-inoxidable-25cm\/","title":{"rendered":"Ri\u00f1\u00f3n De Acero Inoxidable 25cm"},"content":{"rendered":"<p>Recept\u00e1culo fabricado en acero grado m\u00e9dico, en forma de ri\u00f1\u00f3n para la recepci\u00f3n de l\u00edquidos o transporte de instrumental corto-punzante.<\/p>\n<p>Ri\u00f1\u00f3n Est\u00e1ndar de acero inoxidable de 25cm.<\/p>\n<p>1 litro<\/p>\n<p>Dimensiones: Largo 25cm, Ancho 10 cm, Alto 4cm<\/p>\n","protected":false},"excerpt":{"rendered":"<p>Recept\u00e1culo fabricado en acero grado m\u00e9dico, en forma de ri\u00f1\u00f3n para la recepci\u00f3n de l\u00edquidos o transporte de instrumental corto-punzante. Ri\u00f1\u00f3n Est\u00e1ndar de acero inoxidable de 25cm. 1 litro Dimensiones: Largo 25cm, Ancho 10 cm, Alto 4cm<\/p>\n","protected":false},"featured_media":4559,"comment_status":"open","ping_status":"closed","template":"","meta":[],"product_cat":[78],"product_tag":[],"_links":{"self":[{"href":"https:\/\/railen.net\/index.php\/wp-json\/wp\/v2\/product\/4558"}],"collection":[{"href":"https:\/\/railen.net\/index.php\/wp-json\/wp\/v2\/product"}],"about":[{"href":"https:\/\/railen.net\/index.php\/wp-json\/wp\/v2\/types\/product"}],"replies":[{"embeddable":true,"href":"https:\/\/railen.net\/index.php\/wp-json\/wp\/v2\/comments?post=4558"}],"wp:featuredmedia":[{"embeddable":true,"href":"https:\/\/railen.net\/index.php\/wp-json\/wp\/v2\/media\/4559"}],"wp:attachment":[{"href":"https:\/\/railen.net\/index.php\/wp-json\/wp\/v2\/media?parent=4558"}],"wp:term":[{"taxonomy":"product_cat","embeddable":true,"href":"https:\/\/railen.net\/index.php\/wp-json\/wp\/v2\/product_cat?post=4558"},{"taxonomy":"product_tag","embeddable":true,"href":"https:\/\/railen.net\/index.php\/wp-json\/wp\/v2\/product_tag?post=4558"}],"curies":[{"name":"wp","href":"https:\/\/api.w.org\/{rel}","templated":true}]}}