{"id":4552,"date":"2024-07-24T15:09:20","date_gmt":"2024-07-24T15:09:20","guid":{"rendered":"https:\/\/railen.net\/?post_type=product&#038;p=4552"},"modified":"2024-07-24T15:09:20","modified_gmt":"2024-07-24T15:09:20","slug":"escarpelo-mango-de-bisturi-numero-3","status":"publish","type":"product","link":"https:\/\/railen.net\/index.php\/producto\/escarpelo-mango-de-bisturi-numero-3\/","title":{"rendered":"Escarpelo, Mango De Bistur\u00ed N\u00famero 3"},"content":{"rendered":"<p>Mango de bistur\u00ed N\u00b0 3 de acero inoxidable, para usar en hojas de bistur\u00ed del n\u00b0 10 al n\u00b0 15<\/p>\n","protected":false},"excerpt":{"rendered":"<p>Mango de bistur\u00ed N\u00b0 3 de acero inoxidable, para usar en hojas de bistur\u00ed del n\u00b0 10 al n\u00b0 15<\/p>\n","protected":false},"featured_media":4553,"comment_status":"open","ping_status":"closed","template":"","meta":[],"product_cat":[78],"product_tag":[],"_links":{"self":[{"href":"https:\/\/railen.net\/index.php\/wp-json\/wp\/v2\/product\/4552"}],"collection":[{"href":"https:\/\/railen.net\/index.php\/wp-json\/wp\/v2\/product"}],"about":[{"href":"https:\/\/railen.net\/index.php\/wp-json\/wp\/v2\/types\/product"}],"replies":[{"embeddable":true,"href":"https:\/\/railen.net\/index.php\/wp-json\/wp\/v2\/comments?post=4552"}],"wp:featuredmedia":[{"embeddable":true,"href":"https:\/\/railen.net\/index.php\/wp-json\/wp\/v2\/media\/4553"}],"wp:attachment":[{"href":"https:\/\/railen.net\/index.php\/wp-json\/wp\/v2\/media?parent=4552"}],"wp:term":[{"taxonomy":"product_cat","embeddable":true,"href":"https:\/\/railen.net\/index.php\/wp-json\/wp\/v2\/product_cat?post=4552"},{"taxonomy":"product_tag","embeddable":true,"href":"https:\/\/railen.net\/index.php\/wp-json\/wp\/v2\/product_tag?post=4552"}],"curies":[{"name":"wp","href":"https:\/\/api.w.org\/{rel}","templated":true}]}}