{"id":4540,"date":"2024-07-23T22:46:07","date_gmt":"2024-07-23T22:46:07","guid":{"rendered":"https:\/\/railen.net\/?post_type=product&#038;p=4540"},"modified":"2024-07-23T22:46:07","modified_gmt":"2024-07-23T22:46:07","slug":"farmactive-spray-transparente-40ml","status":"publish","type":"product","link":"https:\/\/railen.net\/index.php\/producto\/farmactive-spray-transparente-40ml\/","title":{"rendered":"Farmactive spray transparente 40ml"},"content":{"rendered":"<p>Farmactive spray transparente 40ml es un parche en aerosol transparente forma una pelicula protectora e impermeable que prot\u00e9g\u00e9 peque\u00f1as heridas, cortes y abrasiones del ambiente externo.<br \/>\n\u2022 Pel\u00edcula protectora impermeable que protege peque\u00f1as heridas.<br \/>\n\u2022 Cortes y abrasiones, esta forma una barrera protectora sobre la piel.<br \/>\n\u2022 Permite proteger la piel de pacientes postrados para evitar la formaci\u00f3n de escaras.<br \/>\n\u2022 Se seca r\u00e1pidamente (30 segundos)<br \/>\n\u2022 Presentaci\u00f3n en espray de 40 ml<br \/>\n\u2022 Sirve para 80 aplicaciones<br \/>\n\u2022 Origen Italiano<br \/>\n\u2022 Similar al Cavilon 3M<\/p>\n","protected":false},"excerpt":{"rendered":"<p>Farmactive spray transparente 40ml es un parche en aerosol transparente forma una pelicula protectora e impermeable que prot\u00e9g\u00e9 peque\u00f1as heridas, cortes y abrasiones del ambiente externo. \u2022 Pel\u00edcula protectora impermeable que protege peque\u00f1as heridas. \u2022 Cortes y abrasiones, esta forma una barrera protectora sobre la piel. \u2022 Permite proteger la piel de pacientes postrados para [&hellip;]<\/p>\n","protected":false},"featured_media":4544,"comment_status":"open","ping_status":"closed","template":"","meta":[],"product_cat":[47],"product_tag":[],"_links":{"self":[{"href":"https:\/\/railen.net\/index.php\/wp-json\/wp\/v2\/product\/4540"}],"collection":[{"href":"https:\/\/railen.net\/index.php\/wp-json\/wp\/v2\/product"}],"about":[{"href":"https:\/\/railen.net\/index.php\/wp-json\/wp\/v2\/types\/product"}],"replies":[{"embeddable":true,"href":"https:\/\/railen.net\/index.php\/wp-json\/wp\/v2\/comments?post=4540"}],"wp:featuredmedia":[{"embeddable":true,"href":"https:\/\/railen.net\/index.php\/wp-json\/wp\/v2\/media\/4544"}],"wp:attachment":[{"href":"https:\/\/railen.net\/index.php\/wp-json\/wp\/v2\/media?parent=4540"}],"wp:term":[{"taxonomy":"product_cat","embeddable":true,"href":"https:\/\/railen.net\/index.php\/wp-json\/wp\/v2\/product_cat?post=4540"},{"taxonomy":"product_tag","embeddable":true,"href":"https:\/\/railen.net\/index.php\/wp-json\/wp\/v2\/product_tag?post=4540"}],"curies":[{"name":"wp","href":"https:\/\/api.w.org\/{rel}","templated":true}]}}