{"id":4525,"date":"2024-07-23T21:47:56","date_gmt":"2024-07-23T21:47:56","guid":{"rendered":"https:\/\/railen.net\/?post_type=product&#038;p=4525"},"modified":"2024-07-23T21:54:30","modified_gmt":"2024-07-23T21:54:30","slug":"cavilon-crema-de-proteccion-duradera","status":"publish","type":"product","link":"https:\/\/railen.net\/index.php\/producto\/cavilon-crema-de-proteccion-duradera\/","title":{"rendered":"Cavilon crema de protecci\u00f3n duradera"},"content":{"rendered":"<p>Cavilon crema de protecci\u00f3n duradera 92g 3M<\/p>\n<p>Crema concretada que proporciona protecci\u00f3n de larga duraci\u00f3n contra los fluidos corporales mientras hidrata la piel.<\/p>\n<p>Gracias a su formula \u00fanica a base de polimeros, brinda una barrera respirable para promover la salud de la piel en pacientes con riesgo de da\u00f1o debido a la incontinencia.<\/p>\n<p>La crema desaparece al ser aplicada en la piel , no interfiere con la ropa interior o pa\u00f1ales, y resiste el lavado.<\/p>\n<p>Usar la crema de protecci\u00f3n duradera en la piel intacta, puede ayudar a prevenir da\u00f1os causados por la exposici\u00f3n regular a la orina o materia fecal.<\/p>\n<p>Indicaciones :<\/p>\n<p>Indicada para humectar y proteger la piel del contacto con la orina y deposiciones.<br \/>\nIdeal para pacientes con episodios de incontinencia fecal o urinaria.<\/p>\n<p>Ventajas y Beneficios :<\/p>\n<p>Gracias a su formulaci\u00f3n \u00fanica humecta la piel y la a\u00edsla del contacto con orina y deposiciones.<br \/>\nBasta 1 aplicaci\u00f3n diaria.<br \/>\nNo se sale con el agua, resiste hasta 3 lavados.<br \/>\nNo afecta el poder de absorci\u00f3n del pa\u00f1al.<br \/>\nPermite que las cintas y los ap\u00f3sitos<br \/>\nCompatible con adhesivos y clorexidina.<br \/>\nF\u00f3rmula \u00fanica Concentrada a base de polimero.<\/p>\n","protected":false},"excerpt":{"rendered":"<p>Cavilon crema de protecci\u00f3n duradera 92g 3M Crema concretada que proporciona protecci\u00f3n de larga duraci\u00f3n contra los fluidos corporales mientras hidrata la piel. Gracias a su formula \u00fanica a base de polimeros, brinda una barrera respirable para promover la salud de la piel en pacientes con riesgo de da\u00f1o debido a la incontinencia. La crema [&hellip;]<\/p>\n","protected":false},"featured_media":4527,"comment_status":"open","ping_status":"closed","template":"","meta":[],"product_cat":[47],"product_tag":[],"_links":{"self":[{"href":"https:\/\/railen.net\/index.php\/wp-json\/wp\/v2\/product\/4525"}],"collection":[{"href":"https:\/\/railen.net\/index.php\/wp-json\/wp\/v2\/product"}],"about":[{"href":"https:\/\/railen.net\/index.php\/wp-json\/wp\/v2\/types\/product"}],"replies":[{"embeddable":true,"href":"https:\/\/railen.net\/index.php\/wp-json\/wp\/v2\/comments?post=4525"}],"wp:featuredmedia":[{"embeddable":true,"href":"https:\/\/railen.net\/index.php\/wp-json\/wp\/v2\/media\/4527"}],"wp:attachment":[{"href":"https:\/\/railen.net\/index.php\/wp-json\/wp\/v2\/media?parent=4525"}],"wp:term":[{"taxonomy":"product_cat","embeddable":true,"href":"https:\/\/railen.net\/index.php\/wp-json\/wp\/v2\/product_cat?post=4525"},{"taxonomy":"product_tag","embeddable":true,"href":"https:\/\/railen.net\/index.php\/wp-json\/wp\/v2\/product_tag?post=4525"}],"curies":[{"name":"wp","href":"https:\/\/api.w.org\/{rel}","templated":true}]}}