{"id":4522,"date":"2024-07-23T21:43:03","date_gmt":"2024-07-23T21:43:03","guid":{"rendered":"https:\/\/railen.net\/?post_type=product&#038;p=4522"},"modified":"2024-07-24T22:30:36","modified_gmt":"2024-07-24T22:30:36","slug":"aposito-hidrocoloide-duoderm-cgf-10x10cm-convatec","status":"publish","type":"product","link":"https:\/\/railen.net\/index.php\/producto\/aposito-hidrocoloide-duoderm-cgf-10x10cm-convatec\/","title":{"rendered":"Ap\u00f3sito hidrocoloide Duoderm CGF 10x10cm Convatec"},"content":{"rendered":"<p>Ap\u00f3sito hidrocoloide Duoderm CGF 10x10cm Convatec<\/p>\n<p>El ap\u00f3sito DuoDERM CGF es un ap\u00f3sito para heridas que retiene la humedad,<br \/>\nse utiliza para heridas de espesor parcial y total con exudado.<br \/>\nIncorpora una formulaci\u00f3n hidrocoloide \u00fanica de Convatec que lo distingue de otros ap\u00f3sitos.<\/p>\n<p>El ap\u00f3sito DuoDERM CGF est\u00e1 indicado para su uso en \u00falceras d\u00e9rmicas, incluidas heridas de espesor total, \u00falceras por presi\u00f3n (Etapa II-IV), \u00falceras en las piernas, heridas superficiales, quemaduras de espesor parcial y zonas donantes.<\/p>\n<p>Apo\u00f3sito libre de latex, est\u00e9ril con matriz elastom\u00e9rica<br \/>\nAp\u00f3sito hidrocoloide con una pelicula externa de poliuretano<\/p>\n","protected":false},"excerpt":{"rendered":"<p>Ap\u00f3sito hidrocoloide Duoderm CGF 10x10cm Convatec El ap\u00f3sito DuoDERM CGF es un ap\u00f3sito para heridas que retiene la humedad, se utiliza para heridas de espesor parcial y total con exudado. Incorpora una formulaci\u00f3n hidrocoloide \u00fanica de Convatec que lo distingue de otros ap\u00f3sitos. El ap\u00f3sito DuoDERM CGF est\u00e1 indicado para su uso en \u00falceras d\u00e9rmicas, [&hellip;]<\/p>\n","protected":false},"featured_media":4523,"comment_status":"open","ping_status":"closed","template":"","meta":[],"product_cat":[81],"product_tag":[],"_links":{"self":[{"href":"https:\/\/railen.net\/index.php\/wp-json\/wp\/v2\/product\/4522"}],"collection":[{"href":"https:\/\/railen.net\/index.php\/wp-json\/wp\/v2\/product"}],"about":[{"href":"https:\/\/railen.net\/index.php\/wp-json\/wp\/v2\/types\/product"}],"replies":[{"embeddable":true,"href":"https:\/\/railen.net\/index.php\/wp-json\/wp\/v2\/comments?post=4522"}],"wp:featuredmedia":[{"embeddable":true,"href":"https:\/\/railen.net\/index.php\/wp-json\/wp\/v2\/media\/4523"}],"wp:attachment":[{"href":"https:\/\/railen.net\/index.php\/wp-json\/wp\/v2\/media?parent=4522"}],"wp:term":[{"taxonomy":"product_cat","embeddable":true,"href":"https:\/\/railen.net\/index.php\/wp-json\/wp\/v2\/product_cat?post=4522"},{"taxonomy":"product_tag","embeddable":true,"href":"https:\/\/railen.net\/index.php\/wp-json\/wp\/v2\/product_tag?post=4522"}],"curies":[{"name":"wp","href":"https:\/\/api.w.org\/{rel}","templated":true}]}}