{"id":4513,"date":"2024-07-23T21:19:56","date_gmt":"2024-07-23T21:19:56","guid":{"rendered":"https:\/\/railen.net\/?post_type=product&#038;p=4513"},"modified":"2024-07-24T16:11:29","modified_gmt":"2024-07-24T16:11:29","slug":"polvo-protector-stomahesive","status":"publish","type":"product","link":"https:\/\/railen.net\/index.php\/producto\/polvo-protector-stomahesive\/","title":{"rendered":"Polvo protector Stomahesive"},"content":{"rendered":"<p class=\"product_title entry-title\">Polvo protector Stomahesive<\/p>\n<p>Polvo de hidrocoloide para tratamiento de piel irritada de la zona periestomal o piel por contacto con fluidos corrosivos, como corresponden a casos de dermatitis h\u00famedas. Constituido por gelatina, pectina, y carboximetilcelulosa s\u00f3dica. Polvo de hidrocoloide para tratamiento de dermatitis h\u00fameda, tales como periestomal y\/o asociada a incontinencia.<\/p>\n","protected":false},"excerpt":{"rendered":"<p>Polvo protector Stomahesive Polvo de hidrocoloide para tratamiento de piel irritada de la zona periestomal o piel por contacto con fluidos corrosivos, como corresponden a casos de dermatitis h\u00famedas. Constituido por gelatina, pectina, y carboximetilcelulosa s\u00f3dica. Polvo de hidrocoloide para tratamiento de dermatitis h\u00fameda, tales como periestomal y\/o asociada a incontinencia.<\/p>\n","protected":false},"featured_media":4514,"comment_status":"open","ping_status":"closed","template":"","meta":[],"product_cat":[79,47],"product_tag":[],"_links":{"self":[{"href":"https:\/\/railen.net\/index.php\/wp-json\/wp\/v2\/product\/4513"}],"collection":[{"href":"https:\/\/railen.net\/index.php\/wp-json\/wp\/v2\/product"}],"about":[{"href":"https:\/\/railen.net\/index.php\/wp-json\/wp\/v2\/types\/product"}],"replies":[{"embeddable":true,"href":"https:\/\/railen.net\/index.php\/wp-json\/wp\/v2\/comments?post=4513"}],"wp:featuredmedia":[{"embeddable":true,"href":"https:\/\/railen.net\/index.php\/wp-json\/wp\/v2\/media\/4514"}],"wp:attachment":[{"href":"https:\/\/railen.net\/index.php\/wp-json\/wp\/v2\/media?parent=4513"}],"wp:term":[{"taxonomy":"product_cat","embeddable":true,"href":"https:\/\/railen.net\/index.php\/wp-json\/wp\/v2\/product_cat?post=4513"},{"taxonomy":"product_tag","embeddable":true,"href":"https:\/\/railen.net\/index.php\/wp-json\/wp\/v2\/product_tag?post=4513"}],"curies":[{"name":"wp","href":"https:\/\/api.w.org\/{rel}","templated":true}]}}