{"id":4511,"date":"2024-07-23T21:17:55","date_gmt":"2024-07-23T21:17:55","guid":{"rendered":"https:\/\/railen.net\/?post_type=product&#038;p=4511"},"modified":"2024-07-24T16:11:51","modified_gmt":"2024-07-24T16:11:51","slug":"pasta-protectora-cutanea-stomahesive-convatec","status":"publish","type":"product","link":"https:\/\/railen.net\/index.php\/producto\/pasta-protectora-cutanea-stomahesive-convatec\/","title":{"rendered":"Pasta protectora cut\u00e1nea stomahesive convatec"},"content":{"rendered":"<p>Pasta protectora cut\u00e1nea stomahesive convatec<\/p>\n<p><strong>Descripci\u00f3n:\u00a0<\/strong>La pasta Stomahesive es un relleno, sellador y barrera protectora cut\u00e1nea conveniente y altamente eficaz, dise\u00f1ado espec\u00edficamente para uso alrededor de estomas de colostom\u00eda, ileostom\u00eda o urostom\u00eda.<\/p>\n<p><strong>Material:\u00a0<\/strong>La pasta Stomahesive est\u00e1 elaborada con sustancias naturales hidrocoloides: gelatina, pectina y carboximetilcelulosa s\u00f3dica.<\/p>\n<p>Otros componentes: trihidroxiestearato de glicerilo, triacetato de glicerilo, alcohol et\u00edlico, ester monobutilico del copolimero de metil vinil eter y anh\u00eddrido maleico en etanol.<\/p>\n<p>&nbsp;<\/p>\n","protected":false},"excerpt":{"rendered":"<p>Pasta protectora cut\u00e1nea stomahesive convatec Descripci\u00f3n:\u00a0La pasta Stomahesive es un relleno, sellador y barrera protectora cut\u00e1nea conveniente y altamente eficaz, dise\u00f1ado espec\u00edficamente para uso alrededor de estomas de colostom\u00eda, ileostom\u00eda o urostom\u00eda. Material:\u00a0La pasta Stomahesive est\u00e1 elaborada con sustancias naturales hidrocoloides: gelatina, pectina y carboximetilcelulosa s\u00f3dica. Otros componentes: trihidroxiestearato de glicerilo, triacetato de glicerilo, alcohol [&hellip;]<\/p>\n","protected":false},"featured_media":4512,"comment_status":"open","ping_status":"closed","template":"","meta":[],"product_cat":[79,47],"product_tag":[],"_links":{"self":[{"href":"https:\/\/railen.net\/index.php\/wp-json\/wp\/v2\/product\/4511"}],"collection":[{"href":"https:\/\/railen.net\/index.php\/wp-json\/wp\/v2\/product"}],"about":[{"href":"https:\/\/railen.net\/index.php\/wp-json\/wp\/v2\/types\/product"}],"replies":[{"embeddable":true,"href":"https:\/\/railen.net\/index.php\/wp-json\/wp\/v2\/comments?post=4511"}],"wp:featuredmedia":[{"embeddable":true,"href":"https:\/\/railen.net\/index.php\/wp-json\/wp\/v2\/media\/4512"}],"wp:attachment":[{"href":"https:\/\/railen.net\/index.php\/wp-json\/wp\/v2\/media?parent=4511"}],"wp:term":[{"taxonomy":"product_cat","embeddable":true,"href":"https:\/\/railen.net\/index.php\/wp-json\/wp\/v2\/product_cat?post=4511"},{"taxonomy":"product_tag","embeddable":true,"href":"https:\/\/railen.net\/index.php\/wp-json\/wp\/v2\/product_tag?post=4511"}],"curies":[{"name":"wp","href":"https:\/\/api.w.org\/{rel}","templated":true}]}}