{"id":4509,"date":"2024-07-23T21:14:11","date_gmt":"2024-07-23T21:14:11","guid":{"rendered":"https:\/\/railen.net\/?post_type=product&#038;p=4509"},"modified":"2024-07-24T16:12:04","modified_gmt":"2024-07-24T16:12:04","slug":"cinturon-de-ostomia-colostomia-ajustable-convatec","status":"publish","type":"product","link":"https:\/\/railen.net\/index.php\/producto\/cinturon-de-ostomia-colostomia-ajustable-convatec\/","title":{"rendered":"Cintur\u00f3n de ostom\u00eda\/colostom\u00eda ajustable Convatec"},"content":{"rendered":"<p>Cintur\u00f3n de ostom\u00eda\/colostom\u00eda ajustable hasta 107 cm<\/p>\n<p>\u2022 Cintur\u00f3n del dispositivo de ostom\u00eda, marca Convatec.<br \/>\n\u2022 Blanco. Puede alargarse hasta 107 cm.<br \/>\n\u2022 Para usar con los sistemas SUR-FIT, ACTIVE LIFE y AUTOLOCK.<br \/>\n\u2022 Uso exclusivo en personas ostomizadas.<br \/>\n\u2022 Uso Cl\u00ednico \u2013 Hospitalario \u2013 Particular.<br \/>\n\u2022 Producto certificado.<br \/>\n\u2022 Hecho en EE.UU.<\/p>\n<p><strong>Beneficios<\/strong><\/p>\n<p>Ajustable<br \/>\nContiene dos broches pl\u00e1sticos en sus<br \/>\nextremos que permite ajustarlos a las<br \/>\nbolsas ConvaTec.<br \/>\nMultimedidas<br \/>\nSe puede ajustar al contorno del abdomen del paciente y permite graduarlo<br \/>\nseg\u00fan necesidad.<br \/>\nResistencia<br \/>\nEl el\u00e1stico es muy resistente y se puede<br \/>\nlavar. Es hipoalerg\u00e9nico.<br \/>\nComidad y Seguridad<br \/>\nSe ajusta perfectamente a las aletas laterales de las bolsas ConvaTec, evitando que la bolsa se caiga, brindando as\u00ed<br \/>\nmayor seguridad y ajuste.<\/p>\n","protected":false},"excerpt":{"rendered":"<p>Cintur\u00f3n de ostom\u00eda\/colostom\u00eda ajustable hasta 107 cm \u2022 Cintur\u00f3n del dispositivo de ostom\u00eda, marca Convatec. \u2022 Blanco. Puede alargarse hasta 107 cm. \u2022 Para usar con los sistemas SUR-FIT, ACTIVE LIFE y AUTOLOCK. \u2022 Uso exclusivo en personas ostomizadas. \u2022 Uso Cl\u00ednico \u2013 Hospitalario \u2013 Particular. \u2022 Producto certificado. \u2022 Hecho en EE.UU. Beneficios Ajustable [&hellip;]<\/p>\n","protected":false},"featured_media":4510,"comment_status":"open","ping_status":"closed","template":"","meta":[],"product_cat":[79,47,55],"product_tag":[],"_links":{"self":[{"href":"https:\/\/railen.net\/index.php\/wp-json\/wp\/v2\/product\/4509"}],"collection":[{"href":"https:\/\/railen.net\/index.php\/wp-json\/wp\/v2\/product"}],"about":[{"href":"https:\/\/railen.net\/index.php\/wp-json\/wp\/v2\/types\/product"}],"replies":[{"embeddable":true,"href":"https:\/\/railen.net\/index.php\/wp-json\/wp\/v2\/comments?post=4509"}],"wp:featuredmedia":[{"embeddable":true,"href":"https:\/\/railen.net\/index.php\/wp-json\/wp\/v2\/media\/4510"}],"wp:attachment":[{"href":"https:\/\/railen.net\/index.php\/wp-json\/wp\/v2\/media?parent=4509"}],"wp:term":[{"taxonomy":"product_cat","embeddable":true,"href":"https:\/\/railen.net\/index.php\/wp-json\/wp\/v2\/product_cat?post=4509"},{"taxonomy":"product_tag","embeddable":true,"href":"https:\/\/railen.net\/index.php\/wp-json\/wp\/v2\/product_tag?post=4509"}],"curies":[{"name":"wp","href":"https:\/\/api.w.org\/{rel}","templated":true}]}}