{"id":4505,"date":"2024-07-23T21:04:15","date_gmt":"2024-07-23T21:04:15","guid":{"rendered":"https:\/\/railen.net\/?post_type=product&#038;p=4505"},"modified":"2024-07-24T16:10:28","modified_gmt":"2024-07-24T16:10:28","slug":"placa-natura-flexible-convatec-125266","status":"publish","type":"product","link":"https:\/\/railen.net\/index.php\/producto\/placa-natura-flexible-convatec-125266\/","title":{"rendered":"Placa Natura Flexible Convatec-125266"},"content":{"rendered":"<p>Placa Natura Flexible Convatec-REF125266<\/p>\n<p>El sistema de ostom\u00eda SUR-FIT Plus \u00ae es una l\u00ednea de productos integral con nuestras \u00faltimas tecnolog\u00edas de barrera cut\u00e1nea.<\/p>\n<p>El anillo de acoplamiento de pl\u00e1stico permite que la bolsa y la barrera de la piel se unan para una seguridad audible. Las barreras cut\u00e1neas Stomahesive \u00ae son ideales para las personas cuya producci\u00f3n de estoma es semiformada o formada.<\/p>\n<p>Descripci\u00f3n: La placa ConvaTec Sur-Fit Natura de 38 mm es una placa de ostom\u00eda suave y flexible que est\u00e1 dise\u00f1ada para proporcionar un ajuste c\u00f3modo y seguro para personas con ostom\u00edas. La placa est\u00e1 hecha de un material suave y agradable para la piel que ayuda a prevenir la irritaci\u00f3n de la piel y tiene un adhesivo flexible que se adapta al cuerpo para ayudar a prevenir fugas. Opaca.<\/p>\n<p>Compatible con bolsa para colostom\u00eda REF: 416423 (no incluye bolsas). Producto certificado.<\/p>\n<p>Tama\u00f1o: 70 mm<\/p>\n","protected":false},"excerpt":{"rendered":"<p>Placa Natura Flexible Convatec-REF125266 El sistema de ostom\u00eda SUR-FIT Plus \u00ae es una l\u00ednea de productos integral con nuestras \u00faltimas tecnolog\u00edas de barrera cut\u00e1nea. El anillo de acoplamiento de pl\u00e1stico permite que la bolsa y la barrera de la piel se unan para una seguridad audible. Las barreras cut\u00e1neas Stomahesive \u00ae son ideales para las [&hellip;]<\/p>\n","protected":false},"featured_media":4506,"comment_status":"open","ping_status":"closed","template":"","meta":[],"product_cat":[79],"product_tag":[],"_links":{"self":[{"href":"https:\/\/railen.net\/index.php\/wp-json\/wp\/v2\/product\/4505"}],"collection":[{"href":"https:\/\/railen.net\/index.php\/wp-json\/wp\/v2\/product"}],"about":[{"href":"https:\/\/railen.net\/index.php\/wp-json\/wp\/v2\/types\/product"}],"replies":[{"embeddable":true,"href":"https:\/\/railen.net\/index.php\/wp-json\/wp\/v2\/comments?post=4505"}],"wp:featuredmedia":[{"embeddable":true,"href":"https:\/\/railen.net\/index.php\/wp-json\/wp\/v2\/media\/4506"}],"wp:attachment":[{"href":"https:\/\/railen.net\/index.php\/wp-json\/wp\/v2\/media?parent=4505"}],"wp:term":[{"taxonomy":"product_cat","embeddable":true,"href":"https:\/\/railen.net\/index.php\/wp-json\/wp\/v2\/product_cat?post=4505"},{"taxonomy":"product_tag","embeddable":true,"href":"https:\/\/railen.net\/index.php\/wp-json\/wp\/v2\/product_tag?post=4505"}],"curies":[{"name":"wp","href":"https:\/\/api.w.org\/{rel}","templated":true}]}}