{"id":4499,"date":"2024-07-23T20:55:20","date_gmt":"2024-07-23T20:55:20","guid":{"rendered":"https:\/\/railen.net\/?post_type=product&#038;p=4499"},"modified":"2024-07-24T16:12:43","modified_gmt":"2024-07-24T16:12:43","slug":"bolsa-natura-opaca-aro-70-convatec-416423","status":"publish","type":"product","link":"https:\/\/railen.net\/index.php\/producto\/bolsa-natura-opaca-aro-70-convatec-416423\/","title":{"rendered":"Bolsa Natura Opaca Aro 70 Convatec-416423"},"content":{"rendered":"<p>Bolsa Natura Opaca Aro 70 Convatec-REF416423<\/p>\n<p>Las bolsas Natura\u00ae + son compatibles con el sistema de ostom\u00eda de dos piezas SUR-FIT Natura\u00ae, que es la l\u00ednea de productos de dos piezas m\u00e1s extensa de ConvaTec.<\/p>\n<p>El sistema Natura\u00ae se\u00f1ala un cierre seguro y preciso con una serie de \u00abclics\u00bb audibles.<\/p>\n<p>Un dise\u00f1o simple que se quita y se coloca permite a los usuarios cambiar la bolsa r\u00e1pidamente para que coincida con las actividades sin quitar la barrera cut\u00e1nea de la piel.<\/p>\n<p>&nbsp;<\/p>\n","protected":false},"excerpt":{"rendered":"<p>Bolsa Natura Opaca Aro 70 Convatec-REF416423 Las bolsas Natura\u00ae + son compatibles con el sistema de ostom\u00eda de dos piezas SUR-FIT Natura\u00ae, que es la l\u00ednea de productos de dos piezas m\u00e1s extensa de ConvaTec. El sistema Natura\u00ae se\u00f1ala un cierre seguro y preciso con una serie de \u00abclics\u00bb audibles. Un dise\u00f1o simple que se [&hellip;]<\/p>\n","protected":false},"featured_media":4547,"comment_status":"open","ping_status":"closed","template":"","meta":[],"product_cat":[79],"product_tag":[],"_links":{"self":[{"href":"https:\/\/railen.net\/index.php\/wp-json\/wp\/v2\/product\/4499"}],"collection":[{"href":"https:\/\/railen.net\/index.php\/wp-json\/wp\/v2\/product"}],"about":[{"href":"https:\/\/railen.net\/index.php\/wp-json\/wp\/v2\/types\/product"}],"replies":[{"embeddable":true,"href":"https:\/\/railen.net\/index.php\/wp-json\/wp\/v2\/comments?post=4499"}],"wp:featuredmedia":[{"embeddable":true,"href":"https:\/\/railen.net\/index.php\/wp-json\/wp\/v2\/media\/4547"}],"wp:attachment":[{"href":"https:\/\/railen.net\/index.php\/wp-json\/wp\/v2\/media?parent=4499"}],"wp:term":[{"taxonomy":"product_cat","embeddable":true,"href":"https:\/\/railen.net\/index.php\/wp-json\/wp\/v2\/product_cat?post=4499"},{"taxonomy":"product_tag","embeddable":true,"href":"https:\/\/railen.net\/index.php\/wp-json\/wp\/v2\/product_tag?post=4499"}],"curies":[{"name":"wp","href":"https:\/\/api.w.org\/{rel}","templated":true}]}}