{"id":4487,"date":"2024-07-23T20:16:27","date_gmt":"2024-07-23T20:16:27","guid":{"rendered":"https:\/\/railen.net\/?post_type=product&#038;p=4487"},"modified":"2024-07-24T16:14:03","modified_gmt":"2024-07-24T16:14:03","slug":"bolsa-colostomia-una-pieza-64mm-hollister-8631","status":"publish","type":"product","link":"https:\/\/railen.net\/index.php\/producto\/bolsa-colostomia-una-pieza-64mm-hollister-8631\/","title":{"rendered":"Bolsa Colostom\u00eda Una Pieza 64mm Hollister-8631"},"content":{"rendered":"<p>Bolsa Colostom\u00eda Una Pieza 64mm Hollister-REF8631<\/p>\n<p>Aro de ensamble color beige<br \/>\nDise\u00f1adas para ser usadas con cualquier barrera cut\u00e1nea del sistema colector de dos piezas New Image de acuerdo al tama\u00f1o del aro de ensamble<br \/>\nHecho sin l\u00e1tex de hule natural<br \/>\nPaneles comfortWear del lado del cuerpo color beige<br \/>\nPel\u00edcula anti-olor<br \/>\nPresillas para cintur\u00f3n.<\/p>\n<p>Bolsa drenable<br \/>\nExterior Transparente.<br \/>\nSistema de cierre con pinza.<br \/>\nSistema dos piezas.<\/p>\n<p>&nbsp;<\/p>\n","protected":false},"excerpt":{"rendered":"<p>Bolsa Colostom\u00eda Una Pieza 64mm Hollister-REF8631 Aro de ensamble color beige Dise\u00f1adas para ser usadas con cualquier barrera cut\u00e1nea del sistema colector de dos piezas New Image de acuerdo al tama\u00f1o del aro de ensamble Hecho sin l\u00e1tex de hule natural Paneles comfortWear del lado del cuerpo color beige Pel\u00edcula anti-olor Presillas para cintur\u00f3n. Bolsa [&hellip;]<\/p>\n","protected":false},"featured_media":4488,"comment_status":"open","ping_status":"closed","template":"","meta":[],"product_cat":[79],"product_tag":[],"_links":{"self":[{"href":"https:\/\/railen.net\/index.php\/wp-json\/wp\/v2\/product\/4487"}],"collection":[{"href":"https:\/\/railen.net\/index.php\/wp-json\/wp\/v2\/product"}],"about":[{"href":"https:\/\/railen.net\/index.php\/wp-json\/wp\/v2\/types\/product"}],"replies":[{"embeddable":true,"href":"https:\/\/railen.net\/index.php\/wp-json\/wp\/v2\/comments?post=4487"}],"wp:featuredmedia":[{"embeddable":true,"href":"https:\/\/railen.net\/index.php\/wp-json\/wp\/v2\/media\/4488"}],"wp:attachment":[{"href":"https:\/\/railen.net\/index.php\/wp-json\/wp\/v2\/media?parent=4487"}],"wp:term":[{"taxonomy":"product_cat","embeddable":true,"href":"https:\/\/railen.net\/index.php\/wp-json\/wp\/v2\/product_cat?post=4487"},{"taxonomy":"product_tag","embeddable":true,"href":"https:\/\/railen.net\/index.php\/wp-json\/wp\/v2\/product_tag?post=4487"}],"curies":[{"name":"wp","href":"https:\/\/api.w.org\/{rel}","templated":true}]}}