{"id":4480,"date":"2024-07-23T19:45:56","date_gmt":"2024-07-23T19:45:56","guid":{"rendered":"https:\/\/railen.net\/?post_type=product&#038;p=4480"},"modified":"2024-07-24T22:34:15","modified_gmt":"2024-07-24T22:34:15","slug":"bano-portatil-plegable-y-regulable","status":"publish","type":"product","link":"https:\/\/railen.net\/index.php\/producto\/bano-portatil-plegable-y-regulable\/","title":{"rendered":"Ba\u00f1o port\u00e1til plegable y regulable"},"content":{"rendered":"<p>Ba\u00f1o port\u00e1til plegable y regulable<\/p>\n<p>Silla WC 3 en 1 plegable, regulable en altura, posee soporte para brazo y una chata m\u00f3vil que le permite ser retirada para su limpieza.<\/p>\n<p>Es\u00a0importante elegir un <strong>ba\u00f1o port\u00e1til que sea c\u00f3modo, seguro y f\u00e1cil de usar.<\/strong><\/p>\n<ul>\n<li>Espacio amplio<\/li>\n<li>Asiento y apoyos c\u00f3modos.<\/li>\n<li>Altura adecuada y regulable.<\/li>\n<li>Facilidad de limpieza, con su balde desmontable.<\/li>\n<li>Ligero y f\u00e1cil de transportar.<\/li>\n<\/ul>\n<p>&nbsp;<\/p>\n<ul>\n<li><strong>MATERIALES DE CALIDAD:<\/strong>\u00a0Silla con estructura que aporta\u00a0<strong>resistencia<\/strong>, proporciona un peso de carga de\u00a0<strong>hasta 100 kilogramos<\/strong>.<\/li>\n<\/ul>\n<ul>\n<li><strong>DISE\u00d1O<\/strong>: Cuenta con una base de\u00a0<strong>cuatro patas con gomas<\/strong>\u00a0 que aportan\u00a0<strong>estabilidad<\/strong>\u00a0y respaldo con reposabrazos regulables en altura para lograr una\u00a0<strong>mejor postura<\/strong>\u00a0y\u00a0<strong>mayor comodidad<\/strong>\u00a0al Usuario, y su estructura ancha permite que los traslados se hagan con m\u00e1s facilidad. Cuenta\u00a0<strong>con dep\u00f3sito<\/strong>\u00a0para satisfacer las necesidades sanitarias del usuario.<\/li>\n<li><strong>DOBLE UTILIDAD:\u00a0<\/strong>Silla WC para habitaci\u00f3n puede colocarse en cualquier parte del dormitorio para ser usada\u00a0<strong>como\u00a0<\/strong><strong>inodoro<\/strong>\u00a0para las personas que tienen dificultad de trasladarse al ba\u00f1o o para instalarse directamente\u00a0<strong>encima del inodoro<\/strong> para elevar su WC y brindar m\u00e1s facilidades a la hora de ir al ba\u00f1o.<\/li>\n<\/ul>\n<p>Material: Acero<\/p>\n<p>Peso: 6,3 Kg.<\/p>\n<p>Altura: 62 &#8211; 77 cm.<\/p>\n<p>Ancho: 54 cm.<\/p>\n<p>Dimensiones Asiento: 42.5 cm x 35.5 cm.<\/p>\n<p>Material del Asiento: Polietileno. Di\u00e1metro de la estructura: 22 mm.<\/p>\n<p>Material soporte de brazo: Polietileno<\/p>\n<p>Dimensiones chata: 26 x 15 cm.<\/p>\n<p>80 largo x 58 ancho x 39 alto<\/p>\n","protected":false},"excerpt":{"rendered":"<p>Ba\u00f1o port\u00e1til plegable y regulable Silla WC 3 en 1 plegable, regulable en altura, posee soporte para brazo y una chata m\u00f3vil que le permite ser retirada para su limpieza. Es\u00a0importante elegir un ba\u00f1o port\u00e1til que sea c\u00f3modo, seguro y f\u00e1cil de usar. Espacio amplio Asiento y apoyos c\u00f3modos. Altura adecuada y regulable. Facilidad de [&hellip;]<\/p>\n","protected":false},"featured_media":4481,"comment_status":"open","ping_status":"closed","template":"","meta":[],"product_cat":[80],"product_tag":[],"_links":{"self":[{"href":"https:\/\/railen.net\/index.php\/wp-json\/wp\/v2\/product\/4480"}],"collection":[{"href":"https:\/\/railen.net\/index.php\/wp-json\/wp\/v2\/product"}],"about":[{"href":"https:\/\/railen.net\/index.php\/wp-json\/wp\/v2\/types\/product"}],"replies":[{"embeddable":true,"href":"https:\/\/railen.net\/index.php\/wp-json\/wp\/v2\/comments?post=4480"}],"wp:featuredmedia":[{"embeddable":true,"href":"https:\/\/railen.net\/index.php\/wp-json\/wp\/v2\/media\/4481"}],"wp:attachment":[{"href":"https:\/\/railen.net\/index.php\/wp-json\/wp\/v2\/media?parent=4480"}],"wp:term":[{"taxonomy":"product_cat","embeddable":true,"href":"https:\/\/railen.net\/index.php\/wp-json\/wp\/v2\/product_cat?post=4480"},{"taxonomy":"product_tag","embeddable":true,"href":"https:\/\/railen.net\/index.php\/wp-json\/wp\/v2\/product_tag?post=4480"}],"curies":[{"name":"wp","href":"https:\/\/api.w.org\/{rel}","templated":true}]}}