{"id":4477,"date":"2024-07-23T18:53:11","date_gmt":"2024-07-23T18:53:11","guid":{"rendered":"https:\/\/railen.net\/?post_type=product&#038;p=4477"},"modified":"2024-07-23T22:05:53","modified_gmt":"2024-07-23T22:05:53","slug":"medidor-de-glucosa-caresens-n-eco","status":"publish","type":"product","link":"https:\/\/railen.net\/index.php\/producto\/medidor-de-glucosa-caresens-n-eco\/","title":{"rendered":"MEDIDOR DE GLUCOSA CareSens N ECO"},"content":{"rendered":"<div class=\"modal-header\">\n<p id=\"modal-heading-11\" class=\"modal-title fusion-responsive-typography-calculated\" data-dismiss=\"modal\" aria-hidden=\"true\" data-fontsize=\"35\" data-lineheight=\"45.5px\">CareSens\u00ae N Eco<\/p>\n<\/div>\n<div class=\"modal-body fusion-clearfix\">\n<div class=\"fusion-builder-row fusion-builder-row-inner fusion-row\">\n<div id=\"product-more\" class=\"fusion-layout-column fusion_builder_column_inner fusion-builder-nested-column-20 fusion_builder_column_inner_1_1 1_1 fusion-one-full fusion-column-first fusion-column-last\">\n<div class=\"fusion-column-wrapper fusion-flex-column-wrapper-legacy\">\n<div class=\"fusion-title title fusion-title-30 fusion-sep-none fusion-title-text fusion-title-size-five fusion-border-below-title\">\n<h5 class=\"title-heading-left fusion-responsive-typography-calculated\" data-fontsize=\"20\" data-lineheight=\"26px\">Caracter\u00edsticas y Beneficios<\/h5>\n<\/div>\n<div class=\"fusion-text fusion-text-22\">\n<ul>\n<li>Bot\u00f3n de eyecci\u00f3n de tira<\/li>\n<li>Rango normal, indicador de hipoglicemia\/hiperglicemia<\/li>\n<li>Indicador de fecha de caducidad de la tira<\/li>\n<li>4 alarmas (PP2* y 3 alarmas programables)<br \/>\n*2 horas despu\u00e9s de las comidas<\/li>\n<li>Promedios de pruebas de 1, 7, 14, 30 y 90 d\u00edas<\/li>\n<li>Marcadores de la prueba preprandial, postprandial y de ayuno<\/li>\n<\/ul>\n<\/div>\n<div class=\"fusion-sep-clear\"><\/div>\n<div class=\"fusion-separator fusion-full-width-sep spaceline2\"><\/div>\n<\/div>\n<\/div>\n<\/div>\n<\/div>\n","protected":false},"excerpt":{"rendered":"<p>CareSens\u00ae N Eco Caracter\u00edsticas y Beneficios Bot\u00f3n de eyecci\u00f3n de tira Rango normal, indicador de hipoglicemia\/hiperglicemia Indicador de fecha de caducidad de la tira 4 alarmas (PP2* y 3 alarmas programables) *2 horas despu\u00e9s de las comidas Promedios de pruebas de 1, 7, 14, 30 y 90 d\u00edas Marcadores de la prueba preprandial, postprandial y [&hellip;]<\/p>\n","protected":false},"featured_media":4478,"comment_status":"open","ping_status":"closed","template":"","meta":[],"product_cat":[64],"product_tag":[],"_links":{"self":[{"href":"https:\/\/railen.net\/index.php\/wp-json\/wp\/v2\/product\/4477"}],"collection":[{"href":"https:\/\/railen.net\/index.php\/wp-json\/wp\/v2\/product"}],"about":[{"href":"https:\/\/railen.net\/index.php\/wp-json\/wp\/v2\/types\/product"}],"replies":[{"embeddable":true,"href":"https:\/\/railen.net\/index.php\/wp-json\/wp\/v2\/comments?post=4477"}],"wp:featuredmedia":[{"embeddable":true,"href":"https:\/\/railen.net\/index.php\/wp-json\/wp\/v2\/media\/4478"}],"wp:attachment":[{"href":"https:\/\/railen.net\/index.php\/wp-json\/wp\/v2\/media?parent=4477"}],"wp:term":[{"taxonomy":"product_cat","embeddable":true,"href":"https:\/\/railen.net\/index.php\/wp-json\/wp\/v2\/product_cat?post=4477"},{"taxonomy":"product_tag","embeddable":true,"href":"https:\/\/railen.net\/index.php\/wp-json\/wp\/v2\/product_tag?post=4477"}],"curies":[{"name":"wp","href":"https:\/\/api.w.org\/{rel}","templated":true}]}}