{"id":4475,"date":"2024-07-23T18:48:55","date_gmt":"2024-07-23T18:48:55","guid":{"rendered":"https:\/\/railen.net\/?post_type=product&#038;p=4475"},"modified":"2024-07-23T22:06:04","modified_gmt":"2024-07-23T22:06:04","slug":"medidor-de-glucosa-caresens-n-voice","status":"publish","type":"product","link":"https:\/\/railen.net\/index.php\/producto\/medidor-de-glucosa-caresens-n-voice\/","title":{"rendered":"MEDIDOR DE  GLUCOSA CareSens N Voice"},"content":{"rendered":"<div class=\"modal-header\">\n<p id=\"modal-heading-5\" class=\"modal-title fusion-responsive-typography-calculated\" data-dismiss=\"modal\" aria-hidden=\"true\" data-fontsize=\"35\" data-lineheight=\"45.5px\">CareSens\u00ae N Voice<\/p>\n<\/div>\n<div class=\"modal-body fusion-clearfix\">\n<div class=\"fusion-builder-row fusion-builder-row-inner fusion-row\">\n<div id=\"product-more\" class=\"fusion-layout-column fusion_builder_column_inner fusion-builder-nested-column-8 fusion_builder_column_inner_1_1 1_1 fusion-one-full fusion-column-first fusion-column-last\">\n<div class=\"fusion-column-wrapper fusion-flex-column-wrapper-legacy\">\n<div class=\"fusion-title title fusion-title-21 fusion-sep-none fusion-title-text fusion-title-size-five fusion-border-below-title\">\n<h5 class=\"title-heading-left fusion-responsive-typography-calculated\" data-fontsize=\"20\" data-lineheight=\"26px\">Caracter\u00edsticas y Beneficios<\/h5>\n<\/div>\n<div class=\"fusion-text fusion-text-10\">\n<ul>\n<li>Gu\u00eda de voz<\/li>\n<li>Bot\u00f3n de eyecci\u00f3n de tira<\/li>\n<li>Indicador de hipoglicemia<\/li>\n<li>4 alarmas (PP2* y 3 alarmas programables) *2 horas despu\u00e9s de las comidas<\/li>\n<li>Promedios de pruebas de 1, 7, 14, 30 y 90 d\u00edas<\/li>\n<li>Marcador de la prueba postprandial<\/li>\n<\/ul>\n<\/div>\n<\/div>\n<\/div>\n<\/div>\n<\/div>\n","protected":false},"excerpt":{"rendered":"<p>CareSens\u00ae N Voice Caracter\u00edsticas y Beneficios Gu\u00eda de voz Bot\u00f3n de eyecci\u00f3n de tira Indicador de hipoglicemia 4 alarmas (PP2* y 3 alarmas programables) *2 horas despu\u00e9s de las comidas Promedios de pruebas de 1, 7, 14, 30 y 90 d\u00edas Marcador de la prueba postprandial<\/p>\n","protected":false},"featured_media":4476,"comment_status":"open","ping_status":"closed","template":"","meta":[],"product_cat":[64],"product_tag":[],"_links":{"self":[{"href":"https:\/\/railen.net\/index.php\/wp-json\/wp\/v2\/product\/4475"}],"collection":[{"href":"https:\/\/railen.net\/index.php\/wp-json\/wp\/v2\/product"}],"about":[{"href":"https:\/\/railen.net\/index.php\/wp-json\/wp\/v2\/types\/product"}],"replies":[{"embeddable":true,"href":"https:\/\/railen.net\/index.php\/wp-json\/wp\/v2\/comments?post=4475"}],"wp:featuredmedia":[{"embeddable":true,"href":"https:\/\/railen.net\/index.php\/wp-json\/wp\/v2\/media\/4476"}],"wp:attachment":[{"href":"https:\/\/railen.net\/index.php\/wp-json\/wp\/v2\/media?parent=4475"}],"wp:term":[{"taxonomy":"product_cat","embeddable":true,"href":"https:\/\/railen.net\/index.php\/wp-json\/wp\/v2\/product_cat?post=4475"},{"taxonomy":"product_tag","embeddable":true,"href":"https:\/\/railen.net\/index.php\/wp-json\/wp\/v2\/product_tag?post=4475"}],"curies":[{"name":"wp","href":"https:\/\/api.w.org\/{rel}","templated":true}]}}