{"id":4466,"date":"2024-07-23T18:19:34","date_gmt":"2024-07-23T18:19:34","guid":{"rendered":"https:\/\/railen.net\/?post_type=product&#038;p=4466"},"modified":"2024-07-23T22:06:27","modified_gmt":"2024-07-23T22:06:27","slug":"medidor-de-glucosa-freestyle-optium-neo","status":"publish","type":"product","link":"https:\/\/railen.net\/index.php\/producto\/medidor-de-glucosa-freestyle-optium-neo\/","title":{"rendered":"MEDIDOR DE GLUCOSA FreeStyle Optium Neo"},"content":{"rendered":"<ul class=\"m-custom-list__wrapper\">\n<li class=\"m-custom-list__content\">\n<div class=\"m-custom-list__para\">\n<p>Medici\u00f3n de glucosa y cuerpos cet\u00f3nicos.<\/p>\n<\/div>\n<\/li>\n<li class=\"m-custom-list__content\">\n<div class=\"m-custom-list__para\">\n<p>Registro de memoria tanto de las dosis de insulina como los resultados de glucosa en sangre<sup>1<\/sup><\/p>\n<\/div>\n<\/li>\n<li class=\"m-custom-list__content\">\n<div class=\"m-custom-list__para\">\n<p>Pantalla t\u00e1ctil de alto contraste<\/p>\n<\/div>\n<\/li>\n<li class=\"m-custom-list__content\">\n<div class=\"m-custom-list__para\">\n<p>Resultados de pruebas de glucosa en sangre en 5 segundos y de cuerpos cet\u00f3nicos en sangre en 10 segundos<\/p>\n<\/div>\n<\/li>\n<\/ul>\n","protected":false},"excerpt":{"rendered":"<p>Medici\u00f3n de glucosa y cuerpos cet\u00f3nicos. Registro de memoria tanto de las dosis de insulina como los resultados de glucosa en sangre1 Pantalla t\u00e1ctil de alto contraste Resultados de pruebas de glucosa en sangre en 5 segundos y de cuerpos cet\u00f3nicos en sangre en 10 segundos<\/p>\n","protected":false},"featured_media":4467,"comment_status":"open","ping_status":"closed","template":"","meta":[],"product_cat":[64],"product_tag":[],"_links":{"self":[{"href":"https:\/\/railen.net\/index.php\/wp-json\/wp\/v2\/product\/4466"}],"collection":[{"href":"https:\/\/railen.net\/index.php\/wp-json\/wp\/v2\/product"}],"about":[{"href":"https:\/\/railen.net\/index.php\/wp-json\/wp\/v2\/types\/product"}],"replies":[{"embeddable":true,"href":"https:\/\/railen.net\/index.php\/wp-json\/wp\/v2\/comments?post=4466"}],"wp:featuredmedia":[{"embeddable":true,"href":"https:\/\/railen.net\/index.php\/wp-json\/wp\/v2\/media\/4467"}],"wp:attachment":[{"href":"https:\/\/railen.net\/index.php\/wp-json\/wp\/v2\/media?parent=4466"}],"wp:term":[{"taxonomy":"product_cat","embeddable":true,"href":"https:\/\/railen.net\/index.php\/wp-json\/wp\/v2\/product_cat?post=4466"},{"taxonomy":"product_tag","embeddable":true,"href":"https:\/\/railen.net\/index.php\/wp-json\/wp\/v2\/product_tag?post=4466"}],"curies":[{"name":"wp","href":"https:\/\/api.w.org\/{rel}","templated":true}]}}