{"id":4444,"date":"2024-07-23T17:24:42","date_gmt":"2024-07-23T17:24:42","guid":{"rendered":"https:\/\/railen.net\/?post_type=product&#038;p=4444"},"modified":"2024-07-23T19:28:21","modified_gmt":"2024-07-23T19:28:21","slug":"gel-conductor-ultrasonido-dieco-gel-250-ml-difem","status":"publish","type":"product","link":"https:\/\/railen.net\/index.php\/producto\/gel-conductor-ultrasonido-dieco-gel-250-ml-difem\/","title":{"rendered":"Gel Conductor Ultrasonido Dieco-gel 250 Ml. Difem."},"content":{"rendered":"<p class=\"ui-pdp-description__content\">Gel conductor dise\u00f1ado para el deslizamiento f\u00e1cil y suave de la sonda o transductor en la piel del paciente al momento de realizar el procedimiento. Producto Hipoalerg\u00e9nico.<\/p>\n<p>Instrucciones de uso: Aplica suficiente DIECO GEL en la piel de la paciente sobre el \u00e1rea que se va a examinar y colocar el transductor sobre \u00e9sta.<\/p>\n","protected":false},"excerpt":{"rendered":"<p>Gel conductor dise\u00f1ado para el deslizamiento f\u00e1cil y suave de la sonda o transductor en la piel del paciente al momento de realizar el procedimiento. Producto Hipoalerg\u00e9nico. Instrucciones de uso: Aplica suficiente DIECO GEL en la piel de la paciente sobre el \u00e1rea que se va a examinar y colocar el transductor sobre \u00e9sta.<\/p>\n","protected":false},"featured_media":4445,"comment_status":"open","ping_status":"closed","template":"","meta":[],"product_cat":[51],"product_tag":[],"_links":{"self":[{"href":"https:\/\/railen.net\/index.php\/wp-json\/wp\/v2\/product\/4444"}],"collection":[{"href":"https:\/\/railen.net\/index.php\/wp-json\/wp\/v2\/product"}],"about":[{"href":"https:\/\/railen.net\/index.php\/wp-json\/wp\/v2\/types\/product"}],"replies":[{"embeddable":true,"href":"https:\/\/railen.net\/index.php\/wp-json\/wp\/v2\/comments?post=4444"}],"wp:featuredmedia":[{"embeddable":true,"href":"https:\/\/railen.net\/index.php\/wp-json\/wp\/v2\/media\/4445"}],"wp:attachment":[{"href":"https:\/\/railen.net\/index.php\/wp-json\/wp\/v2\/media?parent=4444"}],"wp:term":[{"taxonomy":"product_cat","embeddable":true,"href":"https:\/\/railen.net\/index.php\/wp-json\/wp\/v2\/product_cat?post=4444"},{"taxonomy":"product_tag","embeddable":true,"href":"https:\/\/railen.net\/index.php\/wp-json\/wp\/v2\/product_tag?post=4444"}],"curies":[{"name":"wp","href":"https:\/\/api.w.org\/{rel}","templated":true}]}}