{"id":4436,"date":"2024-07-23T17:08:46","date_gmt":"2024-07-23T17:08:46","guid":{"rendered":"https:\/\/railen.net\/?post_type=product&#038;p=4436"},"modified":"2024-07-24T22:31:22","modified_gmt":"2024-07-24T22:31:22","slug":"cutimed-sorbact-malla-con-dacc-7-cm-x-9-cm","status":"publish","type":"product","link":"https:\/\/railen.net\/index.php\/producto\/cutimed-sorbact-malla-con-dacc-7-cm-x-9-cm\/","title":{"rendered":"Cutimed Sorbact Malla con DACC 7 CM. X 9 CM"},"content":{"rendered":"<p class=\"title fs-7 fs-lg-7 mt-0 mb-2\">Cutimed Sorbact Malla con DACC 7 CM. X 9 CM<\/p>\n<p class=\"ui-pdp-description__content\">Recomendado utilizar para tratamiento de heridas contaminadas, con exudado, colonizadas o infectadas independientes de su etiolog\u00eda, as\u00ed como heridas postoperatorias, heridas traum\u00e1ticas, heridas luego de la extirpaci\u00f3n de f\u00edstulas y abscesos, heridas cr\u00f3nicas tales como \u00falceras venosas, arteriales, diab\u00e9ticas y \u00falceras por presi\u00f3n. Recomendado tambi\u00e9n para infecciones f\u00fangicas d\u00e9rmicas.<\/p>\n<p>Indicaciones de uso: Se recomienda no usar con ung\u00fcentos o cremas que puedan interferir en el efecto de uni\u00f3n al microorganismo. La humedad de la herida es esencial para asegurar la eficacia de Cutimed\u00ae Sorbact\u00ae y evitar que el ap\u00f3sito se adhiera a la herida. En heridas secas o con bajo exudado se recomienda la utilizaci\u00f3n de ap\u00f3sitos Cutimed\u00ae Sorbact\u00ae Gel. La frecuencia de cambio de ap\u00f3sitos depende del nivel de exudado y del grado de contaminaci\u00f3n de la herida. Se recomienda cambiar el ap\u00f3sito cada 1 a 3 d\u00edas. En heridas que muestran signos de infecci\u00f3n cl\u00ednica, es recomendable una inspecci\u00f3n m\u00e1s frecuente de la herida y puede ser considerado un tratamiento sist\u00e9mico.<\/p>\n<p>Composici\u00f3n<\/p>\n<p>1. Ap\u00f3sito<br \/>\nCapa 1: Eliminaci\u00f3n de los microorganismos.<br \/>\nGasa de acetato de color impregnado con DACC (Dialquil Carbamoilo Cloruro).<br \/>\nCapa 2: Transporte de exudado de herida.<br \/>\nGasa de algod\u00f3n.<br \/>\nCapa 3: Eliminaci\u00f3n de microorganismos.<br \/>\nGasa de acetato de color impregnado con DACC (Dialquil Carbamoilo Cloruro).<br \/>\nCapa 4: N\u00facleo absorbente.<br \/>\n75% viscosa y 25% poli\u00e9ster.<br \/>\nCapa 5: Resistente al agua.<br \/>\nPapel de seda impregnado con DACC (Dialquil Carbamoilo Cloruro).<br \/>\nCapa 6 y 7: Cubierta.<br \/>\nTela no tejida hecha de celulosa, ray\u00f3n y poli\u00e9ster, unido con acetato de vinilo.<br \/>\nPegamento Hotmelt.<\/p>\n<p>2. T\u00f3rula<br \/>\nT\u00f3rula de tela de acetato cubierta con DACC (Dialquil Carbamoilo Cloruro).<br \/>\n3. Mecha de gasa de algod\u00f3n<br \/>\nMecha de tela de algod\u00f3n cubierta con DACC (Dialquil Carbamoilo Cloruro).<\/p>\n","protected":false},"excerpt":{"rendered":"<p>Cutimed Sorbact Malla con DACC 7 CM. X 9 CM Recomendado utilizar para tratamiento de heridas contaminadas, con exudado, colonizadas o infectadas independientes de su etiolog\u00eda, as\u00ed como heridas postoperatorias, heridas traum\u00e1ticas, heridas luego de la extirpaci\u00f3n de f\u00edstulas y abscesos, heridas cr\u00f3nicas tales como \u00falceras venosas, arteriales, diab\u00e9ticas y \u00falceras por presi\u00f3n. Recomendado tambi\u00e9n [&hellip;]<\/p>\n","protected":false},"featured_media":4437,"comment_status":"open","ping_status":"closed","template":"","meta":[],"product_cat":[81],"product_tag":[],"_links":{"self":[{"href":"https:\/\/railen.net\/index.php\/wp-json\/wp\/v2\/product\/4436"}],"collection":[{"href":"https:\/\/railen.net\/index.php\/wp-json\/wp\/v2\/product"}],"about":[{"href":"https:\/\/railen.net\/index.php\/wp-json\/wp\/v2\/types\/product"}],"replies":[{"embeddable":true,"href":"https:\/\/railen.net\/index.php\/wp-json\/wp\/v2\/comments?post=4436"}],"wp:featuredmedia":[{"embeddable":true,"href":"https:\/\/railen.net\/index.php\/wp-json\/wp\/v2\/media\/4437"}],"wp:attachment":[{"href":"https:\/\/railen.net\/index.php\/wp-json\/wp\/v2\/media?parent=4436"}],"wp:term":[{"taxonomy":"product_cat","embeddable":true,"href":"https:\/\/railen.net\/index.php\/wp-json\/wp\/v2\/product_cat?post=4436"},{"taxonomy":"product_tag","embeddable":true,"href":"https:\/\/railen.net\/index.php\/wp-json\/wp\/v2\/product_tag?post=4436"}],"curies":[{"name":"wp","href":"https:\/\/api.w.org\/{rel}","templated":true}]}}