{"id":4429,"date":"2024-07-23T16:41:48","date_gmt":"2024-07-23T16:41:48","guid":{"rendered":"https:\/\/railen.net\/?post_type=product&#038;p=4429"},"modified":"2024-07-23T16:41:48","modified_gmt":"2024-07-23T16:41:48","slug":"soporte-de-tobillo-elasticado-activemove","status":"publish","type":"product","link":"https:\/\/railen.net\/index.php\/producto\/soporte-de-tobillo-elasticado-activemove\/","title":{"rendered":"Soporte de Tobillo Elasticado ActiveMove"},"content":{"rendered":"<p>Soporte de Tobillo Elasticado ActiveMove<\/p>\n<p>Mayor confort y buena transpirabilidad con tiras el\u00e1sticas ventiladas. Ajuste perfecto gracias a su material fino pero duradero. Ajuste el grado de sujeci\u00f3n para encontrar la comodidad durante cualquier actividad<\/p>\n<p>Tallas seg\u00fan contorno de tobillo:<\/p>\n<p>S 18 &#8211; 20 cm<\/p>\n<p>M 20,5 &#8211;\u00a023 cm<\/p>\n<p>L 23,5 &#8211; 26 cm<\/p>\n<p>Puede ser utilizado en pie izquierdo o derecho.<br \/>\nVida \u00fatil de 5 a\u00f1os.<br \/>\nContiene l\u00e1tex.<\/p>\n<p>Esterilizaci\u00f3n<br \/>\nNo est\u00e9ril.<\/p>\n<p>Almacenamiento<br \/>\nSeco, limpio y sin exposici\u00f3n a la luz solar directa.<\/p>\n<p>Recomendaciones de uso<br \/>\nLesiones dolorosas de tobillo y prevenci\u00f3n. Esguinces leves, tobillos d\u00e9biles,<br \/>\ninflamaci\u00f3n y dolor a palpaci\u00f3n.<\/p>\n<p>Composici\u00f3n<br \/>\nElastano, poliamida, poli\u00e9ster, PVC y l\u00e1tex<\/p>\n<p>&nbsp;<\/p>\n","protected":false},"excerpt":{"rendered":"<p>Soporte de Tobillo Elasticado ActiveMove Mayor confort y buena transpirabilidad con tiras el\u00e1sticas ventiladas. Ajuste perfecto gracias a su material fino pero duradero. Ajuste el grado de sujeci\u00f3n para encontrar la comodidad durante cualquier actividad Tallas seg\u00fan contorno de tobillo: S 18 &#8211; 20 cm M 20,5 &#8211;\u00a023 cm L 23,5 &#8211; 26 cm Puede [&hellip;]<\/p>\n","protected":false},"featured_media":4430,"comment_status":"open","ping_status":"closed","template":"","meta":[],"product_cat":[60,50],"product_tag":[],"_links":{"self":[{"href":"https:\/\/railen.net\/index.php\/wp-json\/wp\/v2\/product\/4429"}],"collection":[{"href":"https:\/\/railen.net\/index.php\/wp-json\/wp\/v2\/product"}],"about":[{"href":"https:\/\/railen.net\/index.php\/wp-json\/wp\/v2\/types\/product"}],"replies":[{"embeddable":true,"href":"https:\/\/railen.net\/index.php\/wp-json\/wp\/v2\/comments?post=4429"}],"wp:featuredmedia":[{"embeddable":true,"href":"https:\/\/railen.net\/index.php\/wp-json\/wp\/v2\/media\/4430"}],"wp:attachment":[{"href":"https:\/\/railen.net\/index.php\/wp-json\/wp\/v2\/media?parent=4429"}],"wp:term":[{"taxonomy":"product_cat","embeddable":true,"href":"https:\/\/railen.net\/index.php\/wp-json\/wp\/v2\/product_cat?post=4429"},{"taxonomy":"product_tag","embeddable":true,"href":"https:\/\/railen.net\/index.php\/wp-json\/wp\/v2\/product_tag?post=4429"}],"curies":[{"name":"wp","href":"https:\/\/api.w.org\/{rel}","templated":true}]}}