{"id":4420,"date":"2024-07-23T15:48:12","date_gmt":"2024-07-23T15:48:12","guid":{"rendered":"https:\/\/railen.net\/?post_type=product&#038;p=4420"},"modified":"2024-07-24T18:21:49","modified_gmt":"2024-07-24T18:21:49","slug":"calcetin-de-compresion-20-30mm-hg-for-men","status":"publish","type":"product","link":"https:\/\/railen.net\/index.php\/producto\/calcetin-de-compresion-20-30mm-hg-for-men\/","title":{"rendered":"Calcet\u00edn de compresi\u00f3n 20-30mm Hg for Men"},"content":{"rendered":"<h2 class=\"jobstcl-pdp-extra-properties-0-x-accordionItemTitle\"><button class=\"jobstcl-pdp-extra-properties-0-x-accordionItemBtn\">Descripci\u00f3n<\/button><\/h2>\n<div class=\"jobstcl-pdp-extra-properties-0-x-accordionItemContainer\">\n<div class=\"jobstcl-pdp-extra-properties-0-x-accordionItemContent\">\n<div>\n<div class=\"jobstcl-pdp-extra-properties-0-x-productDescription\">\n<div>\n<p class=\"jobstcl-pdp-extra-properties-0-x-fwbold\">Calcet\u00edn Compresivo hasta la rodilla 20-30mmHg\u00a0 JOBST FOR MEN<\/p>\n<\/div>\n<div class=\"jobstcl-pdp-extra-properties-0-x-acercaDelProductoRow\">\n<div class=\"jobstcl-pdp-extra-properties-0-x-acercaDelProductoContainer\">Son calcetines de compresi\u00f3n m\u00e9dica, dise\u00f1ados especialmente para personas activas, que reducen los malestares y el dolor ocasionados por los problemas de circulaci\u00f3n sangu\u00ednea. Puedes usarlos diariamente desde la ma\u00f1ana hasta la noche, gracias a que est\u00e1n elaborados con tela liviana, tienen un acabado suave y cuentan con una banda en la rodilla que se ajusta a tu pierna brind\u00e1ndote una gran comodidad.<\/div>\n<div class=\"jobstcl-pdp-extra-properties-0-x-acercaDelProductoContainer\">Cuentan con un dise\u00f1o cl\u00e1sico con punto de canal\u00e9, ideal para estilos de vestir formales y semiformales, por lo que puedes usarlos diariamente en distintas ocasiones.<\/div>\n<div class=\"jobstcl-pdp-extra-properties-0-x-acercaDelProductoContainer\">Te ofrecen una excelente durabilidad y cuentan con un sistema que controla la humedad y mal olor, ofreciendo a tus pies una experiencia de sequedad y frescura durante todo el d\u00eda.<\/div>\n<div class=\"jobstcl-pdp-extra-properties-0-x-acercaDelProductoContainer\"><\/div>\n<div class=\"jobstcl-pdp-extra-properties-0-x-acercaDelProductoContainer\">Elige usarlos en tu vida diaria y disfruta una sensaci\u00f3n de alivio y bienestar para disfrutar de cada momento sin preocuparte de nada.<\/div>\n<div class=\"jobstcl-pdp-extra-properties-0-x-acercaDelProductoContainer\"><\/div>\n<div class=\"jobstcl-pdp-extra-properties-0-x-acercaDelProductoContainer\">Caracter\u00edsticas<\/div>\n<div class=\"jobstcl-pdp-extra-properties-0-x-acercaDelProductoContainer\">&#8211; Calcet\u00edn compresivo graduado, la mayor compresi\u00f3n se encuentra a nivel de tobillo y va decreciendo hasta la parte superior de la pierna.<\/div>\n<div class=\"jobstcl-pdp-extra-properties-0-x-acercaDelProductoContainer\">&#8211; Material extremadamente durable, fibras fuertes y suaves, resistentes al uso y al desgaste.<\/div>\n<div class=\"jobstcl-pdp-extra-properties-0-x-acercaDelProductoContainer\">&#8211; Con f\u00f3rmula especial anti olor, con microfibras suaves que absorben la humedad.<\/div>\n<div class=\"jobstcl-pdp-extra-properties-0-x-acercaDelProductoContainer\">&#8211; Costura plana en la punta y amplio margen de movimiento en los dedos.<\/div>\n<div class=\"jobstcl-pdp-extra-properties-0-x-acercaDelProductoContainer\">&#8211; Dise\u00f1o acanalado.<\/div>\n<div class=\"jobstcl-pdp-extra-properties-0-x-acercaDelProductoContainer\">&#8211; Banda no constrictiva de sujeci\u00f3n.<\/div>\n<div class=\"jobstcl-pdp-extra-properties-0-x-acercaDelProductoContainer\">&#8211; Diversidad de modelos en la l\u00ednea For Men: rodilla y muslo.<\/div>\n<div class=\"jobstcl-pdp-extra-properties-0-x-acercaDelProductoContainer\">&#8211; Dise\u00f1o anat\u00f3mico, requiere seleccionar la talla adecuada de acuerdo al di\u00e1metro del tobillo y pantorrilla, de modo de otorgar la compresi\u00f3n correcta.<\/div>\n<div class=\"jobstcl-pdp-extra-properties-0-x-acercaDelProductoContainer\">&#8211; Muy costo-efectivo, duraci\u00f3n m\u00ednima de 6 meses con uso diario y cuidados requeridos (lavado con detergente suave, sin aplicar cloro ni qu\u00edmicos, con agua fr\u00eda o tibia, secado sin exposici\u00f3n a ninguna fuente de calor).<\/div>\n<div class=\"jobstcl-pdp-extra-properties-0-x-acercaDelProductoContainer\">&#8211; Libre de l\u00e1tex.<\/div>\n<div class=\"jobstcl-pdp-extra-properties-0-x-acercaDelProductoContainer\"><\/div>\n<div class=\"jobstcl-pdp-extra-properties-0-x-acercaDelProductoContainer\">Recomendaciones de uso<\/div>\n<div class=\"jobstcl-pdp-extra-properties-0-x-acercaDelProductoContainer\">Para la prevenci\u00f3n y el tratamiento del paciente con insuficiencia venosa cr\u00f3nica.<\/div>\n<div class=\"jobstcl-pdp-extra-properties-0-x-acercaDelProductoContainer\"><\/div>\n<div class=\"jobstcl-pdp-extra-properties-0-x-acercaDelProductoContainer\">&#8211; Compresi\u00f3n terap\u00e9utica de 20-30mmHg: Para uso cuando hay presencia de telangectasia hasta presencia de venas varicosas o edema.<\/div>\n<div class=\"jobstcl-pdp-extra-properties-0-x-acercaDelProductoContainer\">Tambi\u00e9n indicado para la prevenci\u00f3n de recurrencia de \u00falceras venosas, post quir\u00fargico y post escleroterapia (etapa C1-C3).<\/div>\n<div class=\"jobstcl-pdp-extra-properties-0-x-acercaDelProductoContainer\"><\/div>\n<div class=\"jobstcl-pdp-extra-properties-0-x-acercaDelProductoContainer\">Composici\u00f3n<\/div>\n<div class=\"jobstcl-pdp-extra-properties-0-x-acercaDelProductoContainer\">&#8211; 76% nylon, 24% spandex.<\/div>\n<\/div>\n<\/div>\n<\/div>\n<\/div>\n<\/div>\n","protected":false},"excerpt":{"rendered":"<p>Descripci\u00f3n Calcet\u00edn Compresivo hasta la rodilla 20-30mmHg\u00a0 JOBST FOR MEN Son calcetines de compresi\u00f3n m\u00e9dica, dise\u00f1ados especialmente para personas activas, que reducen los malestares y el dolor ocasionados por los problemas de circulaci\u00f3n sangu\u00ednea. Puedes usarlos diariamente desde la ma\u00f1ana hasta la noche, gracias a que est\u00e1n elaborados con tela liviana, tienen un acabado suave [&hellip;]<\/p>\n","protected":false},"featured_media":4421,"comment_status":"open","ping_status":"closed","template":"","meta":[],"product_cat":[72,73,75],"product_tag":[],"_links":{"self":[{"href":"https:\/\/railen.net\/index.php\/wp-json\/wp\/v2\/product\/4420"}],"collection":[{"href":"https:\/\/railen.net\/index.php\/wp-json\/wp\/v2\/product"}],"about":[{"href":"https:\/\/railen.net\/index.php\/wp-json\/wp\/v2\/types\/product"}],"replies":[{"embeddable":true,"href":"https:\/\/railen.net\/index.php\/wp-json\/wp\/v2\/comments?post=4420"}],"wp:featuredmedia":[{"embeddable":true,"href":"https:\/\/railen.net\/index.php\/wp-json\/wp\/v2\/media\/4421"}],"wp:attachment":[{"href":"https:\/\/railen.net\/index.php\/wp-json\/wp\/v2\/media?parent=4420"}],"wp:term":[{"taxonomy":"product_cat","embeddable":true,"href":"https:\/\/railen.net\/index.php\/wp-json\/wp\/v2\/product_cat?post=4420"},{"taxonomy":"product_tag","embeddable":true,"href":"https:\/\/railen.net\/index.php\/wp-json\/wp\/v2\/product_tag?post=4420"}],"curies":[{"name":"wp","href":"https:\/\/api.w.org\/{rel}","templated":true}]}}