{"id":4401,"date":"2024-07-23T01:33:24","date_gmt":"2024-07-23T01:33:24","guid":{"rendered":"https:\/\/railen.net\/?post_type=product&#038;p=4401"},"modified":"2024-07-24T18:21:58","modified_gmt":"2024-07-24T18:21:58","slug":"ulcer-care-jobs","status":"publish","type":"product","link":"https:\/\/railen.net\/index.php\/producto\/ulcer-care-jobs\/","title":{"rendered":"MEDIAS DE DESCANSO UlcerCare  JOBST"},"content":{"rendered":"<p>MEDIAS DE DESCANSO UlcerCare JOBST<\/p>\n<p><em>Talla S Hasta XL<\/em><\/p>\n<div class=\"jobstcl-pdp-extra-properties-0-x-acercaDelProductoContainer\">Calcet\u00edn de 2 capas de alta compresi\u00f3n (40mmHg), para un tratamiento efectivo de las \u00falceras venosas activa en las piernas.<\/div>\n<div class=\"jobstcl-pdp-extra-properties-0-x-acercaDelProductoContainer\">Dise\u00f1ado para que el paciente cumpla al m\u00e1ximo las instrucciones m\u00e9dicas. Permite un control eficaz de las \u00falceras venosas en las piernas, y a la vez hace que el uso sea muy sencillo, la combinaci\u00f3n perfecta para que los pacientes disfruten la m\u00e1s alta calidad de vida.<\/div>\n<div class=\"jobstcl-pdp-extra-properties-0-x-acercaDelProductoContainer\">Consta de una primera capa (interna) que es un calcet\u00edn blanco que se utiliza las 24 hrs del d\u00eda, y una segunda capa (externa) que es un calcet\u00edn beige con cierre para facilitar su colocaci\u00f3n, \u00e9sta se utiliza durante el d\u00eda. Ambos calcetines otorgan una compresi\u00f3n nominal de 40 mmHg.<\/div>\n<div class=\"jobstcl-pdp-extra-properties-0-x-acercaDelProductoContainer\">Caracter\u00edsticas<\/div>\n<div class=\"jobstcl-pdp-extra-properties-0-x-acercaDelProductoContainer\">&#8211; Buen calce y compresi\u00f3n dado por sistema de 2 capas.<\/div>\n<div class=\"jobstcl-pdp-extra-properties-0-x-acercaDelProductoContainer\">&#8211; La capa interna (blanca), se utiliza las 24 hrs del d\u00eda, por lo que, el kit trae dos unidades para contar con una de repuesto y permitir el lavado.<\/div>\n<div class=\"jobstcl-pdp-extra-properties-0-x-acercaDelProductoContainer\">&#8211; La capa externa (beige) posee un cierre para facilitar la colocaci\u00f3n y no posee puntera, por lo que, este sistema permite seguir usando su calzado habitual. Esta capa la utiliza s\u00f3lo durante el d\u00eda, se la coloca en la ma\u00f1ana al levantarse y se la retira en la noche al acostarse.<\/div>\n<div class=\"jobstcl-pdp-extra-properties-0-x-acercaDelProductoContainer\">&#8211; El cierre de la capa externa puede estar ubicado al lado derecho o izquierdo, para elegir el lado contrario a la \u00falcera de ser posible.<\/div>\n<div class=\"jobstcl-pdp-extra-properties-0-x-acercaDelProductoContainer\">&#8211; Cierre reforzado en su interior, no genera roce ni incomodidad.<\/div>\n<div class=\"jobstcl-pdp-extra-properties-0-x-acercaDelProductoContainer\">&#8211; El cierre posee adem\u00e1s un gancho removible para facilitar su manejo, especialmente, en adultos mayores.<\/div>\n<div class=\"jobstcl-pdp-extra-properties-0-x-acercaDelProductoContainer\">&#8211; Dise\u00f1o anat\u00f3mico, requiere seleccionar la talla adecuada de acuerdo al di\u00e1metro del tobillo y pantorrilla, de modo de otorgar la compresi\u00f3n correcta.<\/div>\n<div class=\"jobstcl-pdp-extra-properties-0-x-acercaDelProductoContainer\">&#8211; Muy costoefectivo, duraci\u00f3n m\u00ednima de 6 meses con uso diario y cuidados requeridos (lavado con detergente suave, sin aplicar cloro ni qu\u00edmicos, agua fr\u00eda o tibia, secado sin exposici\u00f3n a ninguna fuente de calor).<\/div>\n<div class=\"jobstcl-pdp-extra-properties-0-x-acercaDelProductoContainer\">&#8211; Minimiza el trastorno en la vida diaria del paciente: permite mantener el uso de calzado y ropa habitual.<\/div>\n<div class=\"jobstcl-pdp-extra-properties-0-x-acercaDelProductoContainer\">&#8211; Se recomienda su uso una vez que se ha reducido el edema.<\/div>\n<div class=\"jobstcl-pdp-extra-properties-0-x-acercaDelProductoContainer\">&#8211; Libre de l\u00e1tex.<\/div>\n<div class=\"jobstcl-pdp-extra-properties-0-x-acercaDelProductoContainer\">Almacenamiento<\/div>\n<div class=\"jobstcl-pdp-extra-properties-0-x-acercaDelProductoContainer\">&#8211; En lugar fresco y seco.<\/div>\n<div class=\"jobstcl-pdp-extra-properties-0-x-acercaDelProductoContainer\">Recomendaciones de uso<\/div>\n<div class=\"jobstcl-pdp-extra-properties-0-x-acercaDelProductoContainer\">&#8211; Para el tratamiento del paciente con \u00falcera venosa activa una vez reducido el edema y para la prevenci\u00f3n de reaparici\u00f3n de \u00falceras venosas. Indicado para paciente con insuficiencia venosa cr\u00f3nica con requerimiento de terapia compresiva<\/div>\n<div class=\"jobstcl-pdp-extra-properties-0-x-acercaDelProductoContainer\">de alta compresi\u00f3n.<\/div>\n<div class=\"jobstcl-pdp-extra-properties-0-x-acercaDelProductoContainer\">Composici\u00f3n<\/div>\n<div class=\"jobstcl-pdp-extra-properties-0-x-acercaDelProductoContainer\">&#8211; Calcet\u00edn de compresi\u00f3n blanco: 79% poliamida; 16% elastano; 5% seda.<\/div>\n<div class=\"jobstcl-pdp-extra-properties-0-x-acercaDelProductoContainer\">&#8211; Media de compresi\u00f3n beige con cierre: 76% poliamida; 24% elastano.<\/div>\n","protected":false},"excerpt":{"rendered":"<p>MEDIAS DE DESCANSO UlcerCare JOBST Talla S Hasta XL Calcet\u00edn de 2 capas de alta compresi\u00f3n (40mmHg), para un tratamiento efectivo de las \u00falceras venosas activa en las piernas. Dise\u00f1ado para que el paciente cumpla al m\u00e1ximo las instrucciones m\u00e9dicas. Permite un control eficaz de las \u00falceras venosas en las piernas, y a la vez [&hellip;]<\/p>\n","protected":false},"featured_media":4416,"comment_status":"open","ping_status":"closed","template":"","meta":[],"product_cat":[72,73,75],"product_tag":[],"_links":{"self":[{"href":"https:\/\/railen.net\/index.php\/wp-json\/wp\/v2\/product\/4401"}],"collection":[{"href":"https:\/\/railen.net\/index.php\/wp-json\/wp\/v2\/product"}],"about":[{"href":"https:\/\/railen.net\/index.php\/wp-json\/wp\/v2\/types\/product"}],"replies":[{"embeddable":true,"href":"https:\/\/railen.net\/index.php\/wp-json\/wp\/v2\/comments?post=4401"}],"wp:featuredmedia":[{"embeddable":true,"href":"https:\/\/railen.net\/index.php\/wp-json\/wp\/v2\/media\/4416"}],"wp:attachment":[{"href":"https:\/\/railen.net\/index.php\/wp-json\/wp\/v2\/media?parent=4401"}],"wp:term":[{"taxonomy":"product_cat","embeddable":true,"href":"https:\/\/railen.net\/index.php\/wp-json\/wp\/v2\/product_cat?post=4401"},{"taxonomy":"product_tag","embeddable":true,"href":"https:\/\/railen.net\/index.php\/wp-json\/wp\/v2\/product_tag?post=4401"}],"curies":[{"name":"wp","href":"https:\/\/api.w.org\/{rel}","templated":true}]}}