{"id":4392,"date":"2024-07-22T22:14:55","date_gmt":"2024-07-22T22:14:55","guid":{"rendered":"https:\/\/railen.net\/?post_type=product&#038;p=4392"},"modified":"2024-07-24T22:31:36","modified_gmt":"2024-07-24T22:31:36","slug":"lamina-de-silicona-para-cicatrices-rystora","status":"publish","type":"product","link":"https:\/\/railen.net\/index.php\/producto\/lamina-de-silicona-para-cicatrices-rystora\/","title":{"rendered":"LAMINA DE SILICONA PARA CICATRICES &#8211; RYSTORA"},"content":{"rendered":"<p>LAMINA DE SILICONA PARA CICATRICES &#8211; RYSTORA<\/p>\n<p><u>DESCRIPCI\u00d3N<\/u>: L\u00e1mina de silicona para cicatrices 100% grado m\u00e9dico. Seguro, efectivo \u00a0para el tratamiento de cicatrices y queloides. La l\u00e1mina es flexible apta para aplicar en las articulaciones del cuerpo como en el codo o las rodillas. Tambi\u00e9n es lavable y se puede reutilizar a lo menos 7 d\u00edas. Recortable<\/p>\n<p>Tama\u00f1os:<\/p>\n<p>Peque\u00f1o: 2\u201dx3\u201d (5 x 7.5cm)<\/p>\n<p>Normal: 4\u201dx7\u201d (10 x 18cm)<\/p>\n<p>Tira: 1.6\u201dx10\u201d (4 x 25cm)<\/p>\n","protected":false},"excerpt":{"rendered":"<p>LAMINA DE SILICONA PARA CICATRICES &#8211; RYSTORA DESCRIPCI\u00d3N: L\u00e1mina de silicona para cicatrices 100% grado m\u00e9dico. Seguro, efectivo \u00a0para el tratamiento de cicatrices y queloides. La l\u00e1mina es flexible apta para aplicar en las articulaciones del cuerpo como en el codo o las rodillas. Tambi\u00e9n es lavable y se puede reutilizar a lo menos 7 [&hellip;]<\/p>\n","protected":false},"featured_media":4393,"comment_status":"open","ping_status":"closed","template":"","meta":[],"product_cat":[81],"product_tag":[],"_links":{"self":[{"href":"https:\/\/railen.net\/index.php\/wp-json\/wp\/v2\/product\/4392"}],"collection":[{"href":"https:\/\/railen.net\/index.php\/wp-json\/wp\/v2\/product"}],"about":[{"href":"https:\/\/railen.net\/index.php\/wp-json\/wp\/v2\/types\/product"}],"replies":[{"embeddable":true,"href":"https:\/\/railen.net\/index.php\/wp-json\/wp\/v2\/comments?post=4392"}],"wp:featuredmedia":[{"embeddable":true,"href":"https:\/\/railen.net\/index.php\/wp-json\/wp\/v2\/media\/4393"}],"wp:attachment":[{"href":"https:\/\/railen.net\/index.php\/wp-json\/wp\/v2\/media?parent=4392"}],"wp:term":[{"taxonomy":"product_cat","embeddable":true,"href":"https:\/\/railen.net\/index.php\/wp-json\/wp\/v2\/product_cat?post=4392"},{"taxonomy":"product_tag","embeddable":true,"href":"https:\/\/railen.net\/index.php\/wp-json\/wp\/v2\/product_tag?post=4392"}],"curies":[{"name":"wp","href":"https:\/\/api.w.org\/{rel}","templated":true}]}}