{"id":4386,"date":"2024-07-22T21:30:55","date_gmt":"2024-07-22T21:30:55","guid":{"rendered":"https:\/\/railen.net\/?post_type=product&#038;p=4386"},"modified":"2024-07-22T21:33:01","modified_gmt":"2024-07-22T21:33:01","slug":"cateter-intravenoso-o-branula","status":"publish","type":"product","link":"https:\/\/railen.net\/index.php\/producto\/cateter-intravenoso-o-branula\/","title":{"rendered":"CAT\u00c9TER INTRAVENOSO O BRANULA"},"content":{"rendered":"<p>CAT\u00c9TER INTRAVENOSO O BRANULA<\/p>\n<p>Utilizadas en procesos que requieran mantener un acceso venoso abierto para inyectar l\u00edquidos, medicamentos, transfusiones o extracciones de sangre.<\/p>\n<p>Presentaci\u00f3n: N\u00b0 14, 16,18,20,22,24.<\/p>\n","protected":false},"excerpt":{"rendered":"<p>CAT\u00c9TER INTRAVENOSO O BRANULA Utilizadas en procesos que requieran mantener un acceso venoso abierto para inyectar l\u00edquidos, medicamentos, transfusiones o extracciones de sangre. Presentaci\u00f3n: N\u00b0 14, 16,18,20,22,24.<\/p>\n","protected":false},"featured_media":4387,"comment_status":"open","ping_status":"closed","template":"","meta":[],"product_cat":[51],"product_tag":[],"_links":{"self":[{"href":"https:\/\/railen.net\/index.php\/wp-json\/wp\/v2\/product\/4386"}],"collection":[{"href":"https:\/\/railen.net\/index.php\/wp-json\/wp\/v2\/product"}],"about":[{"href":"https:\/\/railen.net\/index.php\/wp-json\/wp\/v2\/types\/product"}],"replies":[{"embeddable":true,"href":"https:\/\/railen.net\/index.php\/wp-json\/wp\/v2\/comments?post=4386"}],"wp:featuredmedia":[{"embeddable":true,"href":"https:\/\/railen.net\/index.php\/wp-json\/wp\/v2\/media\/4387"}],"wp:attachment":[{"href":"https:\/\/railen.net\/index.php\/wp-json\/wp\/v2\/media?parent=4386"}],"wp:term":[{"taxonomy":"product_cat","embeddable":true,"href":"https:\/\/railen.net\/index.php\/wp-json\/wp\/v2\/product_cat?post=4386"},{"taxonomy":"product_tag","embeddable":true,"href":"https:\/\/railen.net\/index.php\/wp-json\/wp\/v2\/product_tag?post=4386"}],"curies":[{"name":"wp","href":"https:\/\/api.w.org\/{rel}","templated":true}]}}