{"id":4372,"date":"2024-07-22T20:47:39","date_gmt":"2024-07-22T20:47:39","guid":{"rendered":"https:\/\/railen.net\/?post_type=product&#038;p=4372"},"modified":"2024-07-22T20:47:39","modified_gmt":"2024-07-22T20:47:39","slug":"corrector-para-juanete-gel-polimero","status":"publish","type":"product","link":"https:\/\/railen.net\/index.php\/producto\/corrector-para-juanete-gel-polimero\/","title":{"rendered":"CORRECTOR PARA JUANETE GEL POLIMERO"},"content":{"rendered":"<p>CORRECTOR PARA JUANETE GEL POLIMERO<\/p>\n<p>Corrector para Juanete dise\u00f1ado en gel pol\u00edmero; es hipoalerg\u00e9nico, no t\u00f3xico, no inflamable, inodoro, totalmente lavable y mantendr\u00e1 su densidad.<\/p>\n<p>Posee un anillo en silicona para fijar los dedos y el posicionamiento del producto, aumentando la durabilidad y comodidad.<\/p>\n<p>Tratamiento de Hallux Valgus (juanete) elimina la fricci\u00f3n y la presi\u00f3n entre los dedos Separa los dedos torcidos y sobrepuestos.<\/p>\n","protected":false},"excerpt":{"rendered":"<p>CORRECTOR PARA JUANETE GEL POLIMERO Corrector para Juanete dise\u00f1ado en gel pol\u00edmero; es hipoalerg\u00e9nico, no t\u00f3xico, no inflamable, inodoro, totalmente lavable y mantendr\u00e1 su densidad. Posee un anillo en silicona para fijar los dedos y el posicionamiento del producto, aumentando la durabilidad y comodidad. Tratamiento de Hallux Valgus (juanete) elimina la fricci\u00f3n y la presi\u00f3n [&hellip;]<\/p>\n","protected":false},"featured_media":4373,"comment_status":"open","ping_status":"closed","template":"","meta":[],"product_cat":[47,50],"product_tag":[],"_links":{"self":[{"href":"https:\/\/railen.net\/index.php\/wp-json\/wp\/v2\/product\/4372"}],"collection":[{"href":"https:\/\/railen.net\/index.php\/wp-json\/wp\/v2\/product"}],"about":[{"href":"https:\/\/railen.net\/index.php\/wp-json\/wp\/v2\/types\/product"}],"replies":[{"embeddable":true,"href":"https:\/\/railen.net\/index.php\/wp-json\/wp\/v2\/comments?post=4372"}],"wp:featuredmedia":[{"embeddable":true,"href":"https:\/\/railen.net\/index.php\/wp-json\/wp\/v2\/media\/4373"}],"wp:attachment":[{"href":"https:\/\/railen.net\/index.php\/wp-json\/wp\/v2\/media?parent=4372"}],"wp:term":[{"taxonomy":"product_cat","embeddable":true,"href":"https:\/\/railen.net\/index.php\/wp-json\/wp\/v2\/product_cat?post=4372"},{"taxonomy":"product_tag","embeddable":true,"href":"https:\/\/railen.net\/index.php\/wp-json\/wp\/v2\/product_tag?post=4372"}],"curies":[{"name":"wp","href":"https:\/\/api.w.org\/{rel}","templated":true}]}}