{"id":4352,"date":"2024-07-22T19:02:26","date_gmt":"2024-07-22T19:02:26","guid":{"rendered":"https:\/\/railen.net\/?post_type=product&#038;p=4352"},"modified":"2024-07-24T22:46:46","modified_gmt":"2024-07-24T22:46:46","slug":"banda-elastica-de-ejercicio-1-5mt","status":"publish","type":"product","link":"https:\/\/railen.net\/index.php\/producto\/banda-elastica-de-ejercicio-1-5mt\/","title":{"rendered":"BANDA ELASTICA DE EJERCICIO 1.5mt"},"content":{"rendered":"<p>BANDA ELASTICA DE EJERCICIO 1.5mt<\/p>\n<p>Las bandas el\u00e1sticas de ejercicio Blunding Band son utilizadas para mejorar la elongaci\u00f3n, fuerza, resistencia y potencia muscular en distintas disciplinas deportivas y con fines de rehabilitaci\u00f3n m\u00e9dica.<\/p>\n<p>Entre las distintas resistencias, la elecci\u00f3n de la banda estar\u00e1 dada por el objetivo del trabajo a realizar o etapa de rehabilitaci\u00f3n en que se encuentre. Es importante que asesore por su entrenador o profesional de la salud.<\/p>\n<p>*Libre de l\u00e1tex<\/p>\n<p>Indicaci\u00f3n: Para Ejercicio Kinesiol\u00f3gico Tratamientos de rehabilitaci\u00f3n Desarrollo y fortalecimiento muscular Aumento de la resistencia a la fatiga Mejora la movilidad y flexibilidad.<\/p>\n<p>colores o densidad:<\/p>\n<p>*amarillo o x-light<\/p>\n<p>*rojo o light<\/p>\n<p>*verde o medium<\/p>\n<p>*azul o heavy<\/p>\n<p>*negro o x-heavy<\/p>\n<p>&nbsp;<\/p>\n","protected":false},"excerpt":{"rendered":"<p>BANDA ELASTICA DE EJERCICIO 1.5mt Las bandas el\u00e1sticas de ejercicio Blunding Band son utilizadas para mejorar la elongaci\u00f3n, fuerza, resistencia y potencia muscular en distintas disciplinas deportivas y con fines de rehabilitaci\u00f3n m\u00e9dica. Entre las distintas resistencias, la elecci\u00f3n de la banda estar\u00e1 dada por el objetivo del trabajo a realizar o etapa de rehabilitaci\u00f3n [&hellip;]<\/p>\n","protected":false},"featured_media":4353,"comment_status":"open","ping_status":"closed","template":"","meta":[],"product_cat":[83],"product_tag":[],"_links":{"self":[{"href":"https:\/\/railen.net\/index.php\/wp-json\/wp\/v2\/product\/4352"}],"collection":[{"href":"https:\/\/railen.net\/index.php\/wp-json\/wp\/v2\/product"}],"about":[{"href":"https:\/\/railen.net\/index.php\/wp-json\/wp\/v2\/types\/product"}],"replies":[{"embeddable":true,"href":"https:\/\/railen.net\/index.php\/wp-json\/wp\/v2\/comments?post=4352"}],"wp:featuredmedia":[{"embeddable":true,"href":"https:\/\/railen.net\/index.php\/wp-json\/wp\/v2\/media\/4353"}],"wp:attachment":[{"href":"https:\/\/railen.net\/index.php\/wp-json\/wp\/v2\/media?parent=4352"}],"wp:term":[{"taxonomy":"product_cat","embeddable":true,"href":"https:\/\/railen.net\/index.php\/wp-json\/wp\/v2\/product_cat?post=4352"},{"taxonomy":"product_tag","embeddable":true,"href":"https:\/\/railen.net\/index.php\/wp-json\/wp\/v2\/product_tag?post=4352"}],"curies":[{"name":"wp","href":"https:\/\/api.w.org\/{rel}","templated":true}]}}