{"id":4347,"date":"2024-07-22T18:21:25","date_gmt":"2024-07-22T18:21:25","guid":{"rendered":"https:\/\/railen.net\/?post_type=product&#038;p=4347"},"modified":"2024-07-23T22:06:50","modified_gmt":"2024-07-23T22:06:50","slug":"electrodo-cubierto-con-gel-50x50-pack-4-un","status":"publish","type":"product","link":"https:\/\/railen.net\/index.php\/producto\/electrodo-cubierto-con-gel-50x50-pack-4-un\/","title":{"rendered":"ELECTRODO CUBIERTO CON GEL 50&#215;50 (Pack 4 un)"},"content":{"rendered":"<p>ELECTRODO CUBIERTO CON GEL 50&#215;50 (Pack 4 un)<\/p>\n<p>Este pack de 4 electrodos, ofrece repuestos para 3 meses de uso, sobre la base de 1 \u00f2 2 tratamientos diarios y 15 minutos por cada aplicaci\u00f3n.<\/p>\n<p>1.Limpiar con pa\u00f1o h\u00famedo con jab\u00f3n suave y agua.<\/p>\n<p>2.Es importante que antes de operar su dispositivo de electroterapia port\u00e1til, se lea cuidadosamente las instrucciones de operaci\u00f3n.<\/p>\n<p>3.No coloque los electrodos cerca o sobre el coraz\u00f3n, cabeza, boca, perineo, piel irritada, etc.<\/p>\n<p>4.Los electrodos no deben ser utilizados antes o despu\u00e9s de tratamientos card\u00edacos.<\/p>\n<p>5.No debe colocar los electrodos cerca del coraz\u00f3n porque podr\u00eda ocasionar fibrilaci\u00f3n cardiaca.<\/p>\n","protected":false},"excerpt":{"rendered":"<p>ELECTRODO CUBIERTO CON GEL 50&#215;50 (Pack 4 un) Este pack de 4 electrodos, ofrece repuestos para 3 meses de uso, sobre la base de 1 \u00f2 2 tratamientos diarios y 15 minutos por cada aplicaci\u00f3n. 1.Limpiar con pa\u00f1o h\u00famedo con jab\u00f3n suave y agua. 2.Es importante que antes de operar su dispositivo de electroterapia port\u00e1til, [&hellip;]<\/p>\n","protected":false},"featured_media":4346,"comment_status":"open","ping_status":"closed","template":"","meta":[],"product_cat":[64],"product_tag":[],"_links":{"self":[{"href":"https:\/\/railen.net\/index.php\/wp-json\/wp\/v2\/product\/4347"}],"collection":[{"href":"https:\/\/railen.net\/index.php\/wp-json\/wp\/v2\/product"}],"about":[{"href":"https:\/\/railen.net\/index.php\/wp-json\/wp\/v2\/types\/product"}],"replies":[{"embeddable":true,"href":"https:\/\/railen.net\/index.php\/wp-json\/wp\/v2\/comments?post=4347"}],"wp:featuredmedia":[{"embeddable":true,"href":"https:\/\/railen.net\/index.php\/wp-json\/wp\/v2\/media\/4346"}],"wp:attachment":[{"href":"https:\/\/railen.net\/index.php\/wp-json\/wp\/v2\/media?parent=4347"}],"wp:term":[{"taxonomy":"product_cat","embeddable":true,"href":"https:\/\/railen.net\/index.php\/wp-json\/wp\/v2\/product_cat?post=4347"},{"taxonomy":"product_tag","embeddable":true,"href":"https:\/\/railen.net\/index.php\/wp-json\/wp\/v2\/product_tag?post=4347"}],"curies":[{"name":"wp","href":"https:\/\/api.w.org\/{rel}","templated":true}]}}