{"id":4345,"date":"2024-07-22T18:17:13","date_gmt":"2024-07-22T18:17:13","guid":{"rendered":"https:\/\/railen.net\/?post_type=product&#038;p=4345"},"modified":"2024-07-23T22:07:24","modified_gmt":"2024-07-23T22:07:24","slug":"electrodo-cubierto-con-gel-50x90-pack-4-un","status":"publish","type":"product","link":"https:\/\/railen.net\/index.php\/producto\/electrodo-cubierto-con-gel-50x90-pack-4-un\/","title":{"rendered":"ELECTRODO CUBIERTO CON GEL 50&#215;90 (Pack 4 un)"},"content":{"rendered":"<div id=\"content-general-data-product\" class=\"sku-titles\"><span class=\"title\">ELECTRODO CUBIERTO CON GEL 50&#215;90 (Pack 4 un)<\/span><\/div>\n<div><\/div>\n<div>Este pack de 4 electrodos, ofrece repuestos para 3 meses de uso, sobre la base de 1 o 2 tratamientos diarios y 15 minutos por cada aplicaci\u00f3n.<\/div>\n<div>Indicaciones: Este pack se usa como repuesto consumible de equipos de electroterapia Tens, Tens&amp;Ems<\/div>\n<div>Contiene L\u00e1tex: No<\/div>\n<div>Componentes: 4 Electrodos Impedancia conductiva del electrodo: 50-150\u03a9 + \u00f2 &#8211; 10%<\/div>\n<div>Tiempo de Vida \u00datil: 2 a\u00f1os desde la fecha de compra<\/div>\n<div>Condiciones de temperatura en funcionamiento: 0\u00b0C~45\u00b0C<\/div>\n<div>Condiciones de humedad en funcionamiento: \u226480% RH<\/div>\n<div>Presi\u00f3n Atmosf\u00e9rica: 50 kPa~106 kPa<\/div>\n<div>Alto \/ Ancho \/ Largo: 50mm X 90mm Peso: 157g<\/div>\n<div>Color: Blanco<\/div>\n<div>1. Limpiar con pa\u00f1o h\u00famedo con jab\u00f3n suave y agua.<\/div>\n<div>2. Es importante que antes de operar su dispositivo de electroterapia port\u00e1til, se lea cuidadosamente las instrucciones de operaci\u00f3n.<\/div>\n<div>3. No coloque los electrodos cerca o sobre el coraz\u00f3n, cabeza, boca, perineo, piel irritada, etc.<\/div>\n<div>4. Los electrodos no deben ser utilizados antes o despu\u00e9s de tratamientos card\u00edacos.<\/div>\n<div>5. No debe colocar los electrodos cerca del coraz\u00f3n porque podr\u00eda ocasionar fibrilaci\u00f3n cardiaca.<\/div>\n","protected":false},"excerpt":{"rendered":"<p>ELECTRODO CUBIERTO CON GEL 50&#215;90 (Pack 4 un) Este pack de 4 electrodos, ofrece repuestos para 3 meses de uso, sobre la base de 1 o 2 tratamientos diarios y 15 minutos por cada aplicaci\u00f3n. Indicaciones: Este pack se usa como repuesto consumible de equipos de electroterapia Tens, Tens&amp;Ems Contiene L\u00e1tex: No Componentes: 4 Electrodos [&hellip;]<\/p>\n","protected":false},"featured_media":4346,"comment_status":"open","ping_status":"closed","template":"","meta":[],"product_cat":[64],"product_tag":[],"_links":{"self":[{"href":"https:\/\/railen.net\/index.php\/wp-json\/wp\/v2\/product\/4345"}],"collection":[{"href":"https:\/\/railen.net\/index.php\/wp-json\/wp\/v2\/product"}],"about":[{"href":"https:\/\/railen.net\/index.php\/wp-json\/wp\/v2\/types\/product"}],"replies":[{"embeddable":true,"href":"https:\/\/railen.net\/index.php\/wp-json\/wp\/v2\/comments?post=4345"}],"wp:featuredmedia":[{"embeddable":true,"href":"https:\/\/railen.net\/index.php\/wp-json\/wp\/v2\/media\/4346"}],"wp:attachment":[{"href":"https:\/\/railen.net\/index.php\/wp-json\/wp\/v2\/media?parent=4345"}],"wp:term":[{"taxonomy":"product_cat","embeddable":true,"href":"https:\/\/railen.net\/index.php\/wp-json\/wp\/v2\/product_cat?post=4345"},{"taxonomy":"product_tag","embeddable":true,"href":"https:\/\/railen.net\/index.php\/wp-json\/wp\/v2\/product_tag?post=4345"}],"curies":[{"name":"wp","href":"https:\/\/api.w.org\/{rel}","templated":true}]}}