{"id":4342,"date":"2024-07-22T18:11:05","date_gmt":"2024-07-22T18:11:05","guid":{"rendered":"https:\/\/railen.net\/?post_type=product&#038;p=4342"},"modified":"2024-07-23T22:07:13","modified_gmt":"2024-07-23T22:07:13","slug":"esfigmomanometro-digital-de-muneca","status":"publish","type":"product","link":"https:\/\/railen.net\/index.php\/producto\/esfigmomanometro-digital-de-muneca\/","title":{"rendered":"ESFIGMOMANOMETRO DIGITAL DE MU\u00d1ECA"},"content":{"rendered":"<p>ESFIGMOMANOMETRO DIGITAL DE MU\u00d1ECA<\/p>\n<p>Dispositivo medico que mide la presi\u00f3n arterial y el pulso en pacientes adultos, a trav\u00e9s de un brazalete ubicado en mu\u00f1eca. Utiliza el m\u00e9todo oscilom\u00e9trica de medici\u00f3n de la presi\u00f3n arterial: detecta el movimiento de la sangre a trav\u00e9s de su arteria braquial y convierte los movimientos en una lectura.<\/p>\n<p>Este dispositivo no esta dise\u00f1ado para ser utilizado como dispositivo de diagn\u00f3stico.<\/p>\n<p>Solamente un medico esta capacitado para diagnosticar y tratar la presi\u00f3n arterial alta.<\/p>\n","protected":false},"excerpt":{"rendered":"<p>ESFIGMOMANOMETRO DIGITAL DE MU\u00d1ECA Dispositivo medico que mide la presi\u00f3n arterial y el pulso en pacientes adultos, a trav\u00e9s de un brazalete ubicado en mu\u00f1eca. Utiliza el m\u00e9todo oscilom\u00e9trica de medici\u00f3n de la presi\u00f3n arterial: detecta el movimiento de la sangre a trav\u00e9s de su arteria braquial y convierte los movimientos en una lectura. Este [&hellip;]<\/p>\n","protected":false},"featured_media":4343,"comment_status":"open","ping_status":"closed","template":"","meta":[],"product_cat":[64],"product_tag":[],"_links":{"self":[{"href":"https:\/\/railen.net\/index.php\/wp-json\/wp\/v2\/product\/4342"}],"collection":[{"href":"https:\/\/railen.net\/index.php\/wp-json\/wp\/v2\/product"}],"about":[{"href":"https:\/\/railen.net\/index.php\/wp-json\/wp\/v2\/types\/product"}],"replies":[{"embeddable":true,"href":"https:\/\/railen.net\/index.php\/wp-json\/wp\/v2\/comments?post=4342"}],"wp:featuredmedia":[{"embeddable":true,"href":"https:\/\/railen.net\/index.php\/wp-json\/wp\/v2\/media\/4343"}],"wp:attachment":[{"href":"https:\/\/railen.net\/index.php\/wp-json\/wp\/v2\/media?parent=4342"}],"wp:term":[{"taxonomy":"product_cat","embeddable":true,"href":"https:\/\/railen.net\/index.php\/wp-json\/wp\/v2\/product_cat?post=4342"},{"taxonomy":"product_tag","embeddable":true,"href":"https:\/\/railen.net\/index.php\/wp-json\/wp\/v2\/product_tag?post=4342"}],"curies":[{"name":"wp","href":"https:\/\/api.w.org\/{rel}","templated":true}]}}