{"id":4338,"date":"2024-07-22T18:04:55","date_gmt":"2024-07-22T18:04:55","guid":{"rendered":"https:\/\/railen.net\/?post_type=product&#038;p=4338"},"modified":"2024-07-23T22:06:57","modified_gmt":"2024-07-23T22:06:57","slug":"esfigmomanometro-digital-de-brazo","status":"publish","type":"product","link":"https:\/\/railen.net\/index.php\/producto\/esfigmomanometro-digital-de-brazo\/","title":{"rendered":"ESFIGMOMANOMETRO DIGITAL DE BRAZO"},"content":{"rendered":"<p>ESFIGMOMANOMETRO DIGITAL DE BRAZO<\/p>\n<p>Dispositivo de medici\u00f3n arterial para ser usado por profesionales de la salud, o en el hogar.<\/p>\n<p>Utiliza el m\u00e9todo oscilom\u00e9trica de medici\u00f3n de la presi\u00f3n arterial: detecta el movimiento de la sangre a trav\u00e9s de su arteria braquial y convierte los movimientos en una lectura.<\/p>\n<p>Este dispositivo no esta dise\u00f1ado para ser utilizado como dispositivo de diagn\u00f3stico.<\/p>\n<p>Solamente un medico esta capacitado para diagnosticar y tratar la presi\u00f3n arterial alta.<\/p>\n","protected":false},"excerpt":{"rendered":"<p>ESFIGMOMANOMETRO DIGITAL DE BRAZO Dispositivo de medici\u00f3n arterial para ser usado por profesionales de la salud, o en el hogar. Utiliza el m\u00e9todo oscilom\u00e9trica de medici\u00f3n de la presi\u00f3n arterial: detecta el movimiento de la sangre a trav\u00e9s de su arteria braquial y convierte los movimientos en una lectura. Este dispositivo no esta dise\u00f1ado para [&hellip;]<\/p>\n","protected":false},"featured_media":4339,"comment_status":"open","ping_status":"closed","template":"","meta":[],"product_cat":[64],"product_tag":[],"_links":{"self":[{"href":"https:\/\/railen.net\/index.php\/wp-json\/wp\/v2\/product\/4338"}],"collection":[{"href":"https:\/\/railen.net\/index.php\/wp-json\/wp\/v2\/product"}],"about":[{"href":"https:\/\/railen.net\/index.php\/wp-json\/wp\/v2\/types\/product"}],"replies":[{"embeddable":true,"href":"https:\/\/railen.net\/index.php\/wp-json\/wp\/v2\/comments?post=4338"}],"wp:featuredmedia":[{"embeddable":true,"href":"https:\/\/railen.net\/index.php\/wp-json\/wp\/v2\/media\/4339"}],"wp:attachment":[{"href":"https:\/\/railen.net\/index.php\/wp-json\/wp\/v2\/media?parent=4338"}],"wp:term":[{"taxonomy":"product_cat","embeddable":true,"href":"https:\/\/railen.net\/index.php\/wp-json\/wp\/v2\/product_cat?post=4338"},{"taxonomy":"product_tag","embeddable":true,"href":"https:\/\/railen.net\/index.php\/wp-json\/wp\/v2\/product_tag?post=4338"}],"curies":[{"name":"wp","href":"https:\/\/api.w.org\/{rel}","templated":true}]}}