{"id":4335,"date":"2024-07-22T17:58:08","date_gmt":"2024-07-22T17:58:08","guid":{"rendered":"https:\/\/railen.net\/?post_type=product&#038;p=4335"},"modified":"2024-07-22T17:58:08","modified_gmt":"2024-07-22T17:58:08","slug":"contencion-de-mano-pie-adulto","status":"publish","type":"product","link":"https:\/\/railen.net\/index.php\/producto\/contencion-de-mano-pie-adulto\/","title":{"rendered":"CONTENCION DE MANO PIE ADULTO"},"content":{"rendered":"<p>CONTENCION DE MANO PIE ADULTO<\/p>\n<p>Soporte de mano o pie confeccionado en velour y algod\u00f3n en su parte interna, con banda de algod\u00f3n y cierre de contacto. Inmovilizaci\u00f3n de manos o pies para prevenci\u00f3n de ca\u00eddas. Evitar que se extraiga o deslice alg\u00fan dispositivo durante alg\u00fan procedimiento.<\/p>\n<p>\u00danica, circunferencia de producto 30 cm.<\/p>\n<p>Cara Interna: 100% Algod\u00f3n Cara<\/p>\n<p>Externa: 100% Poli\u00e9ster<\/p>\n<p>Barras Pl\u00e1stica: 100% Polipropileno<\/p>\n<p>Cierre de Contacto: 100% Nylon Plata<\/p>\n<p>Lavar a mano o maquina hasta 30\u00ba C de Temperatura Lavar con el cierre de contacto adherido para evitar la acumulaci\u00f3n de pelusas No Planchar<\/p>\n<p>&nbsp;<\/p>\n","protected":false},"excerpt":{"rendered":"<p>CONTENCION DE MANO PIE ADULTO Soporte de mano o pie confeccionado en velour y algod\u00f3n en su parte interna, con banda de algod\u00f3n y cierre de contacto. Inmovilizaci\u00f3n de manos o pies para prevenci\u00f3n de ca\u00eddas. Evitar que se extraiga o deslice alg\u00fan dispositivo durante alg\u00fan procedimiento. \u00danica, circunferencia de producto 30 cm. Cara Interna: [&hellip;]<\/p>\n","protected":false},"featured_media":4337,"comment_status":"open","ping_status":"closed","template":"","meta":[],"product_cat":[47,54],"product_tag":[],"_links":{"self":[{"href":"https:\/\/railen.net\/index.php\/wp-json\/wp\/v2\/product\/4335"}],"collection":[{"href":"https:\/\/railen.net\/index.php\/wp-json\/wp\/v2\/product"}],"about":[{"href":"https:\/\/railen.net\/index.php\/wp-json\/wp\/v2\/types\/product"}],"replies":[{"embeddable":true,"href":"https:\/\/railen.net\/index.php\/wp-json\/wp\/v2\/comments?post=4335"}],"wp:featuredmedia":[{"embeddable":true,"href":"https:\/\/railen.net\/index.php\/wp-json\/wp\/v2\/media\/4337"}],"wp:attachment":[{"href":"https:\/\/railen.net\/index.php\/wp-json\/wp\/v2\/media?parent=4335"}],"wp:term":[{"taxonomy":"product_cat","embeddable":true,"href":"https:\/\/railen.net\/index.php\/wp-json\/wp\/v2\/product_cat?post=4335"},{"taxonomy":"product_tag","embeddable":true,"href":"https:\/\/railen.net\/index.php\/wp-json\/wp\/v2\/product_tag?post=4335"}],"curies":[{"name":"wp","href":"https:\/\/api.w.org\/{rel}","templated":true}]}}